{"id":101,"date":"2015-04-23T12:39:15","date_gmt":"2015-04-23T12:39:15","guid":{"rendered":"https:\/\/xml-io.proteusthemes.com\/cargopress\/?page_id=101"},"modified":"2023-04-27T10:03:26","modified_gmt":"2023-04-27T10:03:26","slug":"ground-transport","status":"publish","type":"page","link":"https:\/\/ezelasansorkiralama.com\/?page_id=101","title":{"rendered":"MAN\u0130SA ASANS\u00d6R K\u0130RALAMA"},"content":{"rendered":"<div id=\"pl-101\"  class=\"panel-layout\" ><div id=\"pg-101-0\"  class=\"panel-grid panel-no-style\" ><div id=\"pgc-101-0-0\"  class=\"panel-grid-cell\" ><div id=\"panel-101-0-0-0\" class=\"so-panel widget widget_black-studio-tinymce widget_black_studio_tinymce panel-first-child panel-last-child\" data-index=\"0\" ><h3 class=\"widget-title\"><span class=\"widget-title__inline\">MAN\u0130SA ASANS\u00d6R K\u0130RALAMA H\u0130ZMET\u0130<\/span><\/h3><div class=\"textwidget\"><p>Manisa kiral\u0131k asans\u00f6r sekt\u00f6r\u00fcnde, h\u0131zl\u0131 ve zaman\u0131nda \u00e7al\u0131\u015fma yapan en iyi asans\u00f6r kiralama firmas\u0131y\u0131z. Manisa'da\u00a0<strong>asans\u00f6r kiralama<\/strong>\u00a0art\u0131k bizimle sorun olmakdan \u00e7\u0131kt\u0131. Manisa'n\u0131n t\u00fcm il\u00e7elerinde 7\/24 saat kesintisiz olarak asans\u00f6r kiralamas\u0131 yap\u0131l\u0131r. Kiral\u0131k asans\u00f6r ihtiya\u00e7lar\u0131n\u0131z en k\u0131sa zamanda uzman ekipler taraf\u0131ndan giderilir. Kaliteli ve yeni ta\u015f\u0131ma asans\u00f6rlerine sahip en iyi nakliye firmas\u0131y\u0131z. Manisa ve il\u00e7elerinde asans\u00f6r kiralamak i\u00e7in bizi hemen aray\u0131n.\u00a0<strong>Kiral\u0131k asans\u00f6r<\/strong>\u00a0firmas\u0131 olarak, t\u00fcm Manisa'da size sorunsuz ve kaliteli hizmet vermek i\u00e7in var\u0131z.<\/p>\n<p><strong>Manisa kiral\u0131k asans\u00f6r<\/strong>\u00a0hizmetleri i\u00e7in \u00e7ok u\u011fra\u015fmay\u0131n\u0131z. Manisa nakliyat firmalar\u0131 aras\u0131nda en iyi kiral\u0131k asans\u00f6re sahip ta\u015f\u0131ma firmas\u0131y\u0131z. Kiral\u0131k asans\u00f6r Manisa ve il\u00e7elerinde fazlad\u0131r. Fakat iyi ve kaliteli ta\u015f\u0131ma asans\u00f6rleri azd\u0131r. Bundan dolay\u0131 sizde asans\u00f6r kiralarken dikkat ediniz. Kiral\u0131k asans\u00f6r Manisa halk\u0131 ve esnaf\u0131 i\u00e7in gerekli bir sekt\u00f6rd\u00fcr. Y\u00fcksek katlara cam ta\u015f\u0131ma, mobilya ta\u015f\u0131ma, ev ta\u015f\u0131ma, ofis nakliyesi, par\u00e7a e\u015fya ta\u015f\u0131mas\u0131 ve moloz ta\u015f\u0131mas\u0131 gibi bir \u00e7ok alanda \u015fartd\u0131r. Manisa'da bu a\u00e7\u0131\u011f\u0131 g\u00f6ren firmam\u0131z, asans\u00f6r kiralama i\u015fine girmi\u015fdir.\u00a0<strong>Asans\u00f6r kiralama Manisa<\/strong>\u00a0ve daha sonra Manisa'n\u0131n yak\u0131n b\u00f6lgelerinde size hizmet vermek i\u00e7in gece g\u00fcnd\u00fcz demeden \u00e7al\u0131\u015fan firmam\u0131z taraf\u0131ndan verilir.<\/p>\n<\/div><\/div><\/div><div id=\"pgc-101-0-1\"  class=\"panel-grid-cell\" ><div id=\"panel-101-0-1-0\" class=\"so-panel widget widget_black-studio-tinymce widget_black_studio_tinymce panel-first-child panel-last-child\" data-index=\"1\" ><div class=\"textwidget\"><p><img decoding=\"async\" class=\"alignnone wp-image-746 size-full\" src=\"http:\/\/ezelasansorkiralama.com\/wp-content\/uploads\/2020\/08\/eeed8ed3-9cfc-45c3-a3e0-5e6a38db34eb-1.jpg\" alt=\"\" width=\"800\" height=\"427\" srcset=\"https:\/\/ezelasansorkiralama.com\/wp-content\/uploads\/2020\/08\/eeed8ed3-9cfc-45c3-a3e0-5e6a38db34eb-1.jpg 800w, https:\/\/ezelasansorkiralama.com\/wp-content\/uploads\/2020\/08\/eeed8ed3-9cfc-45c3-a3e0-5e6a38db34eb-1-600x320.jpg 600w, https:\/\/ezelasansorkiralama.com\/wp-content\/uploads\/2020\/08\/eeed8ed3-9cfc-45c3-a3e0-5e6a38db34eb-1-300x160.jpg 300w, https:\/\/ezelasansorkiralama.com\/wp-content\/uploads\/2020\/08\/eeed8ed3-9cfc-45c3-a3e0-5e6a38db34eb-1-768x410.jpg 768w\" sizes=\"(max-width: 800px) 100vw, 800px\" \/><\/p>\n<p><img decoding=\"async\" class=\"alignnone wp-image-800 \" src=\"http:\/\/ezelasansorkiralama.com\/wp-content\/uploads\/2020\/08\/ezel-7-3.jpg\" alt=\"\" width=\"800\" height=\"453\" srcset=\"https:\/\/ezelasansorkiralama.com\/wp-content\/uploads\/2020\/08\/ezel-7-3.jpg 848w, https:\/\/ezelasansorkiralama.com\/wp-content\/uploads\/2020\/08\/ezel-7-3-300x170.jpg 300w, https:\/\/ezelasansorkiralama.com\/wp-content\/uploads\/2020\/08\/ezel-7-3-768x435.jpg 768w, https:\/\/ezelasansorkiralama.com\/wp-content\/uploads\/2020\/08\/ezel-7-3-360x204.jpg 360w, https:\/\/ezelasansorkiralama.com\/wp-content\/uploads\/2020\/08\/ezel-7-3-600x340.jpg 600w\" sizes=\"(max-width: 800px) 100vw, 800px\" \/><\/p>\n<p>&nbsp;<\/p>\n<\/div><\/div><\/div><\/div><\/div>","protected":false},"excerpt":{"rendered":"<p>Manisa kiral\u0131k asans\u00f6r sekt\u00f6r\u00fcnde, h\u0131zl\u0131 ve zaman\u0131nda \u00e7al\u0131\u015fma yapan en iyi asans\u00f6r kiralama firmas\u0131y\u0131z. Manisa&#8217;da\u00a0asans\u00f6r kiralama\u00a0art\u0131k bizimle sorun olmakdan \u00e7\u0131kt\u0131. Manisa&#8217;n\u0131n t\u00fcm il\u00e7elerinde 7\/24 saat kesintisiz olarak asans\u00f6r kiralamas\u0131 yap\u0131l\u0131r. Kiral\u0131k asans\u00f6r ihtiya\u00e7lar\u0131n\u0131z en k\u0131sa zamanda uzman ekipler taraf\u0131ndan giderilir. Kaliteli ve yeni ta\u015f\u0131ma asans\u00f6rlerine sahip en iyi nakliye firmas\u0131y\u0131z. Manisa ve il\u00e7elerinde asans\u00f6r kiralamak &hellip;<\/p>\n","protected":false},"author":1,"featured_media":849,"parent":76,"menu_order":0,"comment_status":"closed","ping_status":"open","template":"","meta":{"footnotes":""},"class_list":["post-101","page","type-page","status-publish","has-post-thumbnail","hentry"],"acf":[],"yoast_head":"<!-- This site is optimized with the Yoast SEO plugin v19.1 - https:\/\/yoast.com\/wordpress\/plugins\/seo\/ -->\n<title>MAN\u0130SA ASANS\u00d6R K\u0130RALAMA - Manisa Asans\u00f6r Kiralama 13. Kata Kadar<\/title>\n<meta name=\"description\" content=\"Evden Eve Nakliyat, \u0130n\u015faat, \u00c7at\u0131 ve Cephe \u0130\u015flemlerinde, Kat Kaloriferi \u0130\u015flerinizde ve Klimac\u0131lara asans\u00f6r kiralama hizmeti verilir.\" \/>\n<meta name=\"robots\" content=\"index, follow, max-snippet:-1, max-image-preview:large, max-video-preview:-1\" \/>\n<link rel=\"canonical\" href=\"https:\/\/ezelasansorkiralama.com\/?page_id=101\" \/>\n<meta property=\"og:locale\" content=\"tr_TR\" \/>\n<meta property=\"og:type\" content=\"article\" \/>\n<meta property=\"og:title\" content=\"MAN\u0130SA ASANS\u00d6R K\u0130RALAMA - Manisa Asans\u00f6r Kiralama 13. Kata Kadar\" \/>\n<meta property=\"og:description\" content=\"Evden Eve Nakliyat, \u0130n\u015faat, \u00c7at\u0131 ve Cephe \u0130\u015flemlerinde, Kat Kaloriferi \u0130\u015flerinizde ve Klimac\u0131lara asans\u00f6r kiralama hizmeti verilir.\" \/>\n<meta property=\"og:url\" content=\"https:\/\/ezelasansorkiralama.com\/?page_id=101\" \/>\n<meta property=\"og:site_name\" content=\"Manisa Asans\u00f6r Kiralama 13. Kata Kadar\" \/>\n<meta property=\"article:modified_time\" content=\"2023-04-27T10:03:26+00:00\" \/>\n<meta property=\"og:image\" content=\"https:\/\/ezelasansorkiralama.com\/wp-content\/uploads\/2020\/08\/asansorlu-nakliyat-ezel.jpg\" \/>\n\t<meta property=\"og:image:width\" content=\"600\" \/>\n\t<meta property=\"og:image:height\" content=\"450\" \/>\n\t<meta property=\"og:image:type\" content=\"image\/jpeg\" \/>\n<meta name=\"twitter:card\" content=\"summary_large_image\" \/>\n<meta name=\"twitter:label1\" content=\"Tahmini okuma s\u00fcresi\" \/>\n\t<meta name=\"twitter:data1\" content=\"2 dakika\" \/>\n<script type=\"application\/ld+json\" class=\"yoast-schema-graph\">{\"@context\":\"https:\/\/schema.org\",\"@graph\":[{\"@type\":\"WebSite\",\"@id\":\"https:\/\/ezelasansorkiralama.com\/#website\",\"url\":\"https:\/\/ezelasansorkiralama.com\/\",\"name\":\"Manisa Asans\u00f6r Kiralama 13. Kata Kadar\",\"description\":\"Asans\u00f6r Kiralama Manisa\",\"potentialAction\":[{\"@type\":\"SearchAction\",\"target\":{\"@type\":\"EntryPoint\",\"urlTemplate\":\"https:\/\/ezelasansorkiralama.com\/?s={search_term_string}\"},\"query-input\":\"required name=search_term_string\"}],\"inLanguage\":\"tr\"},{\"@type\":\"ImageObject\",\"inLanguage\":\"tr\",\"@id\":\"https:\/\/ezelasansorkiralama.com\/?page_id=101#primaryimage\",\"url\":\"https:\/\/ezelasansorkiralama.com\/wp-content\/uploads\/2020\/08\/asansorlu-nakliyat-ezel.jpg\",\"contentUrl\":\"https:\/\/ezelasansorkiralama.com\/wp-content\/uploads\/2020\/08\/asansorlu-nakliyat-ezel.jpg\",\"width\":600,\"height\":450},{\"@type\":\"WebPage\",\"@id\":\"https:\/\/ezelasansorkiralama.com\/?page_id=101#webpage\",\"url\":\"https:\/\/ezelasansorkiralama.com\/?page_id=101\",\"name\":\"MAN\u0130SA ASANS\u00d6R K\u0130RALAMA - Manisa Asans\u00f6r Kiralama 13. Kata Kadar\",\"isPartOf\":{\"@id\":\"https:\/\/ezelasansorkiralama.com\/#website\"},\"primaryImageOfPage\":{\"@id\":\"https:\/\/ezelasansorkiralama.com\/?page_id=101#primaryimage\"},\"datePublished\":\"2015-04-23T12:39:15+00:00\",\"dateModified\":\"2023-04-27T10:03:26+00:00\",\"description\":\"Evden Eve Nakliyat, \u0130n\u015faat, \u00c7at\u0131 ve Cephe \u0130\u015flemlerinde, Kat Kaloriferi \u0130\u015flerinizde ve Klimac\u0131lara asans\u00f6r kiralama hizmeti verilir.\",\"breadcrumb\":{\"@id\":\"https:\/\/ezelasansorkiralama.com\/?page_id=101#breadcrumb\"},\"inLanguage\":\"tr\",\"potentialAction\":[{\"@type\":\"ReadAction\",\"target\":[\"https:\/\/ezelasansorkiralama.com\/?page_id=101\"]}]},{\"@type\":\"BreadcrumbList\",\"@id\":\"https:\/\/ezelasansorkiralama.com\/?page_id=101#breadcrumb\",\"itemListElement\":[{\"@type\":\"ListItem\",\"position\":1,\"name\":\"Home\",\"item\":\"https:\/\/ezelasansorkiralama.com\/\"},{\"@type\":\"ListItem\",\"position\":2,\"name\":\"Hizmetler\",\"item\":\"https:\/\/ezelasansorkiralama.com\/?page_id=76\"},{\"@type\":\"ListItem\",\"position\":3,\"name\":\"MAN\u0130SA ASANS\u00d6R K\u0130RALAMA\"}]}]}<\/script>\n<!-- \/ Yoast SEO plugin. -->","yoast_head_json":{"title":"MAN\u0130SA ASANS\u00d6R K\u0130RALAMA - Manisa Asans\u00f6r Kiralama 13. Kata Kadar","description":"Evden Eve Nakliyat, \u0130n\u015faat, \u00c7at\u0131 ve Cephe \u0130\u015flemlerinde, Kat Kaloriferi \u0130\u015flerinizde ve Klimac\u0131lara asans\u00f6r kiralama hizmeti verilir.","robots":{"index":"index","follow":"follow","max-snippet":"max-snippet:-1","max-image-preview":"max-image-preview:large","max-video-preview":"max-video-preview:-1"},"canonical":"https:\/\/ezelasansorkiralama.com\/?page_id=101","og_locale":"tr_TR","og_type":"article","og_title":"MAN\u0130SA ASANS\u00d6R K\u0130RALAMA - Manisa Asans\u00f6r Kiralama 13. Kata Kadar","og_description":"Evden Eve Nakliyat, \u0130n\u015faat, \u00c7at\u0131 ve Cephe \u0130\u015flemlerinde, Kat Kaloriferi \u0130\u015flerinizde ve Klimac\u0131lara asans\u00f6r kiralama hizmeti verilir.","og_url":"https:\/\/ezelasansorkiralama.com\/?page_id=101","og_site_name":"Manisa Asans\u00f6r Kiralama 13. Kata Kadar","article_modified_time":"2023-04-27T10:03:26+00:00","og_image":[{"width":600,"height":450,"url":"https:\/\/ezelasansorkiralama.com\/wp-content\/uploads\/2020\/08\/asansorlu-nakliyat-ezel.jpg","type":"image\/jpeg"}],"twitter_card":"summary_large_image","twitter_misc":{"Tahmini okuma s\u00fcresi":"2 dakika"},"schema":{"@context":"https:\/\/schema.org","@graph":[{"@type":"WebSite","@id":"https:\/\/ezelasansorkiralama.com\/#website","url":"https:\/\/ezelasansorkiralama.com\/","name":"Manisa Asans\u00f6r Kiralama 13. Kata Kadar","description":"Asans\u00f6r Kiralama Manisa","potentialAction":[{"@type":"SearchAction","target":{"@type":"EntryPoint","urlTemplate":"https:\/\/ezelasansorkiralama.com\/?s={search_term_string}"},"query-input":"required name=search_term_string"}],"inLanguage":"tr"},{"@type":"ImageObject","inLanguage":"tr","@id":"https:\/\/ezelasansorkiralama.com\/?page_id=101#primaryimage","url":"https:\/\/ezelasansorkiralama.com\/wp-content\/uploads\/2020\/08\/asansorlu-nakliyat-ezel.jpg","contentUrl":"https:\/\/ezelasansorkiralama.com\/wp-content\/uploads\/2020\/08\/asansorlu-nakliyat-ezel.jpg","width":600,"height":450},{"@type":"WebPage","@id":"https:\/\/ezelasansorkiralama.com\/?page_id=101#webpage","url":"https:\/\/ezelasansorkiralama.com\/?page_id=101","name":"MAN\u0130SA ASANS\u00d6R K\u0130RALAMA - Manisa Asans\u00f6r Kiralama 13. Kata Kadar","isPartOf":{"@id":"https:\/\/ezelasansorkiralama.com\/#website"},"primaryImageOfPage":{"@id":"https:\/\/ezelasansorkiralama.com\/?page_id=101#primaryimage"},"datePublished":"2015-04-23T12:39:15+00:00","dateModified":"2023-04-27T10:03:26+00:00","description":"Evden Eve Nakliyat, \u0130n\u015faat, \u00c7at\u0131 ve Cephe \u0130\u015flemlerinde, Kat Kaloriferi \u0130\u015flerinizde ve Klimac\u0131lara asans\u00f6r kiralama hizmeti verilir.","breadcrumb":{"@id":"https:\/\/ezelasansorkiralama.com\/?page_id=101#breadcrumb"},"inLanguage":"tr","potentialAction":[{"@type":"ReadAction","target":["https:\/\/ezelasansorkiralama.com\/?page_id=101"]}]},{"@type":"BreadcrumbList","@id":"https:\/\/ezelasansorkiralama.com\/?page_id=101#breadcrumb","itemListElement":[{"@type":"ListItem","position":1,"name":"Home","item":"https:\/\/ezelasansorkiralama.com\/"},{"@type":"ListItem","position":2,"name":"Hizmetler","item":"https:\/\/ezelasansorkiralama.com\/?page_id=76"},{"@type":"ListItem","position":3,"name":"MAN\u0130SA ASANS\u00d6R K\u0130RALAMA"}]}]}},"_links":{"self":[{"href":"https:\/\/ezelasansorkiralama.com\/index.php?rest_route=\/wp\/v2\/pages\/101"}],"collection":[{"href":"https:\/\/ezelasansorkiralama.com\/index.php?rest_route=\/wp\/v2\/pages"}],"about":[{"href":"https:\/\/ezelasansorkiralama.com\/index.php?rest_route=\/wp\/v2\/types\/page"}],"author":[{"embeddable":true,"href":"https:\/\/ezelasansorkiralama.com\/index.php?rest_route=\/wp\/v2\/users\/1"}],"replies":[{"embeddable":true,"href":"https:\/\/ezelasansorkiralama.com\/index.php?rest_route=%2Fwp%2Fv2%2Fcomments&post=101"}],"version-history":[{"count":2,"href":"https:\/\/ezelasansorkiralama.com\/index.php?rest_route=\/wp\/v2\/pages\/101\/revisions"}],"predecessor-version":[{"id":1017,"href":"https:\/\/ezelasansorkiralama.com\/index.php?rest_route=\/wp\/v2\/pages\/101\/revisions\/1017"}],"up":[{"embeddable":true,"href":"https:\/\/ezelasansorkiralama.com\/index.php?rest_route=\/wp\/v2\/pages\/76"}],"wp:featuredmedia":[{"embeddable":true,"href":"https:\/\/ezelasansorkiralama.com\/index.php?rest_route=\/wp\/v2\/media\/849"}],"wp:attachment":[{"href":"https:\/\/ezelasansorkiralama.com\/index.php?rest_route=%2Fwp%2Fv2%2Fmedia&parent=101"}],"curies":[{"name":"wp","href":"https:\/\/api.w.org\/{rel}","templated":true}]}}