{"id":120,"date":"2015-05-04T07:30:41","date_gmt":"2015-05-04T07:30:41","guid":{"rendered":"https:\/\/xml-io.proteusthemes.com\/cargopress\/?page_id=120"},"modified":"2023-09-11T14:34:47","modified_gmt":"2023-09-11T14:34:47","slug":"contact-us","status":"publish","type":"page","link":"https:\/\/ezelasansorkiralama.com\/?page_id=120","title":{"rendered":"\u0130letisim"},"content":{"rendered":"<div id=\"pl-120\"  class=\"panel-layout\" ><div id=\"pg-120-0\"  class=\"panel-grid panel-no-style\" ><div id=\"pgc-120-0-0\"  class=\"panel-grid-cell\" ><div id=\"panel-120-0-0-0\" class=\"so-panel widget widget_black-studio-tinymce widget_black_studio_tinymce panel-first-child\" data-index=\"0\" ><div class=\"featured-widget panel-widget-style panel-widget-style-for-120-0-0-0\" ><h3 class=\"widget-title\"><span class=\"widget-title__inline\">\u0130leti\u015fim<\/span><\/h3><div class=\"textwidget\"><p><strong>Ezel Asans\u00f6r Kiralama,<\/strong><br \/>\nYeni Mahalle 4705 Sokak No:52<br \/>\nYunusemre\/MAN\u0130SA<\/p>\n<p>+90 (553) 579 12 09<\/p>\n<p><a href=\"mailto:info@ezelasansorkiralama.com\">info@ezelasansorkiralama.com<\/a><\/p>\n<\/div><\/div><\/div><div id=\"panel-120-0-0-1\" class=\"so-panel widget widget_pw_opening_time opening-time panel-last-child\" data-index=\"1\" ><div class=\"featured-widget panel-widget-style panel-widget-style-for-120-0-0-1\" >\n\n\t<div class=\"time-table\">\n\n\t\t\t<h3><span class=\"icon icons-ornament-left\"><\/span>\u00c7al\u0131\u015fma Saatleri<span class=\"icon icons-ornament-right\"><\/span><\/h3>\n\n\t\t<div class=\"inner-bg\">\n\t\t\t\t<dl class=\"week-day \">\n\t\t\t\t\t<dt>Pazartesi<\/dt>\n\t\t\t\t\t<dd>8:00 - 23:00<\/dd>\n\t\t\t\t<\/dl>\n\t\t\t\t<dl class=\"week-day  light-bg\">\n\t\t\t\t\t<dt>Sal\u0131<\/dt>\n\t\t\t\t\t<dd>8:00 - 23:00<\/dd>\n\t\t\t\t<\/dl>\n\t\t\t\t<dl class=\"week-day \">\n\t\t\t\t\t<dt>\u00c7ar\u015famba<\/dt>\n\t\t\t\t\t<dd>8:00 - 23:00<\/dd>\n\t\t\t\t<\/dl>\n\t\t\t\t<dl class=\"week-day  light-bg\">\n\t\t\t\t\t<dt>Per\u015fembe<\/dt>\n\t\t\t\t\t<dd>8:00 - 23:00<\/dd>\n\t\t\t\t<\/dl>\n\t\t\t\t<dl class=\"week-day \">\n\t\t\t\t\t<dt>Cuma<\/dt>\n\t\t\t\t\t<dd>8:00 - 23:00<\/dd>\n\t\t\t\t<\/dl>\n\t\t\t\t<dl class=\"week-day  light-bg today\">\n\t\t\t\t\t<dt>Cumartesi<\/dt>\n\t\t\t\t\t<dd>8:00 - 23:00<\/dd>\n\t\t\t\t<\/dl>\n\t\t\t\t<dl class=\"week-day \">\n\t\t\t\t\t<dt>Pazar<\/dt>\n\t\t\t\t\t<dd>8:00 - 23:00<\/dd>\n\t\t\t\t<\/dl>\n\t\t<\/div>\n\n\n\t<\/div>\n\n<\/div><\/div><\/div><div id=\"pgc-120-0-1\"  class=\"panel-grid-cell\" ><div id=\"panel-120-0-1-0\" class=\"widget_text so-panel widget widget_custom_html panel-first-child\" data-index=\"2\" ><div class=\"textwidget custom-html-widget\"><iframe src=\"https:\/\/www.google.com\/maps\/embed?pb=!1m14!1m8!1m3!1d796528.7687030203!2d28.1086424!3d38.7535995!3m2!1i1024!2i768!4f13.1!3m3!1m2!1s0xa074f4ccc6263fb5%3A0x7859daf202b97df0!2sEZEL%20K%C4%B0RALIK%20ASANS%C3%96R!5e0!3m2!1str!2str!4v1688423656819!5m2!1str!2str\" width=\"100%\" height=\"450\" style=\"border:0;\" allowfullscreen=\"\" loading=\"lazy\" referrerpolicy=\"no-referrer-when-downgrade\"><\/iframe><\/div><\/div><div id=\"panel-120-0-1-1\" class=\"so-panel widget widget_black-studio-tinymce widget_black_studio_tinymce panel-last-child\" data-index=\"3\" ><h3 class=\"widget-title\"><span class=\"widget-title__inline\">\u0130LET\u0130\u015e\u0130M<\/span><\/h3><div class=\"textwidget\"><p>\u015eehir i\u00e7i ve \u015eehirler Aras\u0131 Asans\u00f6r Kiralama hizmetinde en uygun fiyat ve en g\u00fcvenilir hizmet ile tan\u0131\u015f\u0131n. Formu doldurun size ula\u015fal\u0131m.<\/p>\n<p><div role=\"form\" class=\"wpcf7\" id=\"wpcf7-f122-o1\" lang=\"en-US\" dir=\"ltr\">\n<div class=\"screen-reader-response\"><p role=\"status\" aria-live=\"polite\" aria-atomic=\"true\"><\/p> <ul><\/ul><\/div>\n<form action=\"\/index.php?rest_route=%2Fwp%2Fv2%2Fpages%2F120#wpcf7-f122-o1\" method=\"post\" class=\"wpcf7-form init\" novalidate=\"novalidate\" data-status=\"init\">\n<div style=\"display: none;\">\n<input type=\"hidden\" name=\"_wpcf7\" value=\"122\" \/>\n<input type=\"hidden\" name=\"_wpcf7_version\" value=\"5.6\" \/>\n<input type=\"hidden\" name=\"_wpcf7_locale\" value=\"en_US\" \/>\n<input type=\"hidden\" name=\"_wpcf7_unit_tag\" value=\"wpcf7-f122-o1\" \/>\n<input type=\"hidden\" name=\"_wpcf7_container_post\" value=\"0\" \/>\n<input type=\"hidden\" name=\"_wpcf7_posted_data_hash\" value=\"\" \/>\n<\/div>\n<div class=\"row\">\n<div class=\"col-xs-12  col-md-4\">\n    <span class=\"wpcf7-form-control-wrap\" data-name=\"your-name\"><input type=\"text\" name=\"your-name\" value=\"\" size=\"40\" class=\"wpcf7-form-control wpcf7-text wpcf7-validates-as-required\" aria-required=\"true\" aria-invalid=\"false\" placeholder=\"Ad\" \/><\/span>\n  <\/div>\n<div class=\"col-xs-12  col-md-4\">\n    <span class=\"wpcf7-form-control-wrap\" data-name=\"last-name\"><input type=\"text\" name=\"last-name\" value=\"\" size=\"40\" class=\"wpcf7-form-control wpcf7-text wpcf7-validates-as-required\" aria-required=\"true\" aria-invalid=\"false\" placeholder=\"Soyad\" \/><\/span>\n  <\/div>\n<\/div>\n<div class=\"row\">\n<div class=\"col-xs-12  col-md-4\">\n    <span class=\"wpcf7-form-control-wrap\" data-name=\"your-email\"><input type=\"email\" name=\"your-email\" value=\"\" size=\"40\" class=\"wpcf7-form-control wpcf7-text wpcf7-email wpcf7-validates-as-required wpcf7-validates-as-email\" aria-required=\"true\" aria-invalid=\"false\" placeholder=\"E-mail Adres\" \/><\/span>\n  <\/div>\n<div class=\"col-xs-12  col-md-4\">\n    <span class=\"wpcf7-form-control-wrap\" data-name=\"your-phone\"><input type=\"tel\" name=\"your-phone\" value=\"\" size=\"40\" class=\"wpcf7-form-control wpcf7-text wpcf7-tel wpcf7-validates-as-required wpcf7-validates-as-tel\" aria-required=\"true\" aria-invalid=\"false\" placeholder=\"Telefon\" \/><\/span>\n  <\/div>\n<\/div>\n<div class=\"row\">\n<div class=\"col-xs-12  col-md-8\">\n    <span class=\"wpcf7-form-control-wrap\" data-name=\"your-subject\"><input type=\"text\" name=\"your-subject\" value=\"\" size=\"40\" class=\"wpcf7-form-control wpcf7-text wpcf7-validates-as-required\" aria-required=\"true\" aria-invalid=\"false\" placeholder=\"Konu\" \/><\/span>\n  <\/div>\n<div class=\"col-xs-12\">\n    <span class=\"wpcf7-form-control-wrap\" data-name=\"your-message\"><textarea name=\"your-message\" cols=\"40\" rows=\"10\" class=\"wpcf7-form-control wpcf7-textarea\" aria-invalid=\"false\" placeholder=\"Mesaj\u0131n\u0131z\"><\/textarea><\/span><br \/>\n    <input type=\"submit\" value=\"Teklif Al\" class=\"wpcf7-form-control has-spinner wpcf7-submit btn btn-primary\" \/>\n  <\/div>\n<\/div>\n<p style=\"display: none !important;\" class=\"akismet-fields-container\" data-prefix=\"_wpcf7_ak_\"><label>&#916;<textarea name=\"_wpcf7_ak_hp_textarea\" cols=\"45\" rows=\"8\" maxlength=\"100\"><\/textarea><\/label><input type=\"hidden\" id=\"ak_js_1\" name=\"_wpcf7_ak_js\" value=\"24\"\/><script>document.getElementById( \"ak_js_1\" ).setAttribute( \"value\", ( new Date() ).getTime() );<\/script><\/p><div class=\"wpcf7-response-output\" aria-hidden=\"true\"><\/div><\/form><\/div><\/p>\n<\/div><\/div><\/div><\/div><\/div>","protected":false},"excerpt":{"rendered":"<p>Ezel Asans\u00f6r Kiralama, Yeni Mahalle 4705 Sokak No:52 Yunusemre\/MAN\u0130SA +90 (553) 579 12 09 info@ezelasansorkiralama.com \u015eehir i\u00e7i ve \u015eehirler Aras\u0131 Asans\u00f6r Kiralama hizmetinde en uygun fiyat ve en g\u00fcvenilir hizmet ile tan\u0131\u015f\u0131n. Formu doldurun size ula\u015fal\u0131m.<\/p>\n","protected":false},"author":1,"featured_media":0,"parent":0,"menu_order":0,"comment_status":"closed","ping_status":"open","template":"","meta":{"footnotes":""},"class_list":["post-120","page","type-page","status-publish","hentry"],"acf":[],"yoast_head":"<!-- This site is optimized with the Yoast SEO plugin v19.1 - https:\/\/yoast.com\/wordpress\/plugins\/seo\/ -->\n<title>\u0130letisim - Manisa Asans\u00f6r Kiralama 13. Kata Kadar<\/title>\n<meta name=\"robots\" content=\"index, follow, max-snippet:-1, max-image-preview:large, max-video-preview:-1\" \/>\n<link rel=\"canonical\" href=\"https:\/\/ezelasansorkiralama.com\/?page_id=120\" \/>\n<meta property=\"og:locale\" content=\"tr_TR\" \/>\n<meta property=\"og:type\" content=\"article\" \/>\n<meta property=\"og:title\" content=\"\u0130letisim - Manisa Asans\u00f6r Kiralama 13. Kata Kadar\" \/>\n<meta property=\"og:description\" content=\"Ezel Asans\u00f6r Kiralama, Yeni Mahalle 4705 Sokak No:52 Yunusemre\/MAN\u0130SA +90 (553) 579 12 09 info@ezelasansorkiralama.com \u015eehir i\u00e7i ve \u015eehirler Aras\u0131 Asans\u00f6r Kiralama hizmetinde en uygun fiyat ve en g\u00fcvenilir hizmet ile tan\u0131\u015f\u0131n. Formu doldurun size ula\u015fal\u0131m.\" \/>\n<meta property=\"og:url\" content=\"https:\/\/ezelasansorkiralama.com\/?page_id=120\" \/>\n<meta property=\"og:site_name\" content=\"Manisa Asans\u00f6r Kiralama 13. Kata Kadar\" \/>\n<meta property=\"article:modified_time\" content=\"2023-09-11T14:34:47+00:00\" \/>\n<meta name=\"twitter:card\" content=\"summary_large_image\" \/>\n<script type=\"application\/ld+json\" class=\"yoast-schema-graph\">{\"@context\":\"https:\/\/schema.org\",\"@graph\":[{\"@type\":\"WebSite\",\"@id\":\"https:\/\/ezelasansorkiralama.com\/#website\",\"url\":\"https:\/\/ezelasansorkiralama.com\/\",\"name\":\"Manisa Asans\u00f6r Kiralama 13. Kata Kadar\",\"description\":\"Asans\u00f6r Kiralama Manisa\",\"potentialAction\":[{\"@type\":\"SearchAction\",\"target\":{\"@type\":\"EntryPoint\",\"urlTemplate\":\"https:\/\/ezelasansorkiralama.com\/?s={search_term_string}\"},\"query-input\":\"required name=search_term_string\"}],\"inLanguage\":\"tr\"},{\"@type\":\"WebPage\",\"@id\":\"https:\/\/ezelasansorkiralama.com\/?page_id=120#webpage\",\"url\":\"https:\/\/ezelasansorkiralama.com\/?page_id=120\",\"name\":\"\u0130letisim - Manisa Asans\u00f6r Kiralama 13. Kata Kadar\",\"isPartOf\":{\"@id\":\"https:\/\/ezelasansorkiralama.com\/#website\"},\"datePublished\":\"2015-05-04T07:30:41+00:00\",\"dateModified\":\"2023-09-11T14:34:47+00:00\",\"breadcrumb\":{\"@id\":\"https:\/\/ezelasansorkiralama.com\/?page_id=120#breadcrumb\"},\"inLanguage\":\"tr\",\"potentialAction\":[{\"@type\":\"ReadAction\",\"target\":[\"https:\/\/ezelasansorkiralama.com\/?page_id=120\"]}]},{\"@type\":\"BreadcrumbList\",\"@id\":\"https:\/\/ezelasansorkiralama.com\/?page_id=120#breadcrumb\",\"itemListElement\":[{\"@type\":\"ListItem\",\"position\":1,\"name\":\"Home\",\"item\":\"https:\/\/ezelasansorkiralama.com\/\"},{\"@type\":\"ListItem\",\"position\":2,\"name\":\"\u0130letisim\"}]}]}<\/script>\n<!-- \/ Yoast SEO plugin. -->","yoast_head_json":{"title":"\u0130letisim - Manisa Asans\u00f6r Kiralama 13. Kata Kadar","robots":{"index":"index","follow":"follow","max-snippet":"max-snippet:-1","max-image-preview":"max-image-preview:large","max-video-preview":"max-video-preview:-1"},"canonical":"https:\/\/ezelasansorkiralama.com\/?page_id=120","og_locale":"tr_TR","og_type":"article","og_title":"\u0130letisim - Manisa Asans\u00f6r Kiralama 13. Kata Kadar","og_description":"Ezel Asans\u00f6r Kiralama, Yeni Mahalle 4705 Sokak No:52 Yunusemre\/MAN\u0130SA +90 (553) 579 12 09 info@ezelasansorkiralama.com \u015eehir i\u00e7i ve \u015eehirler Aras\u0131 Asans\u00f6r Kiralama hizmetinde en uygun fiyat ve en g\u00fcvenilir hizmet ile tan\u0131\u015f\u0131n. Formu doldurun size ula\u015fal\u0131m.","og_url":"https:\/\/ezelasansorkiralama.com\/?page_id=120","og_site_name":"Manisa Asans\u00f6r Kiralama 13. Kata Kadar","article_modified_time":"2023-09-11T14:34:47+00:00","twitter_card":"summary_large_image","schema":{"@context":"https:\/\/schema.org","@graph":[{"@type":"WebSite","@id":"https:\/\/ezelasansorkiralama.com\/#website","url":"https:\/\/ezelasansorkiralama.com\/","name":"Manisa Asans\u00f6r Kiralama 13. Kata Kadar","description":"Asans\u00f6r Kiralama Manisa","potentialAction":[{"@type":"SearchAction","target":{"@type":"EntryPoint","urlTemplate":"https:\/\/ezelasansorkiralama.com\/?s={search_term_string}"},"query-input":"required name=search_term_string"}],"inLanguage":"tr"},{"@type":"WebPage","@id":"https:\/\/ezelasansorkiralama.com\/?page_id=120#webpage","url":"https:\/\/ezelasansorkiralama.com\/?page_id=120","name":"\u0130letisim - Manisa Asans\u00f6r Kiralama 13. Kata Kadar","isPartOf":{"@id":"https:\/\/ezelasansorkiralama.com\/#website"},"datePublished":"2015-05-04T07:30:41+00:00","dateModified":"2023-09-11T14:34:47+00:00","breadcrumb":{"@id":"https:\/\/ezelasansorkiralama.com\/?page_id=120#breadcrumb"},"inLanguage":"tr","potentialAction":[{"@type":"ReadAction","target":["https:\/\/ezelasansorkiralama.com\/?page_id=120"]}]},{"@type":"BreadcrumbList","@id":"https:\/\/ezelasansorkiralama.com\/?page_id=120#breadcrumb","itemListElement":[{"@type":"ListItem","position":1,"name":"Home","item":"https:\/\/ezelasansorkiralama.com\/"},{"@type":"ListItem","position":2,"name":"\u0130letisim"}]}]}},"_links":{"self":[{"href":"https:\/\/ezelasansorkiralama.com\/index.php?rest_route=\/wp\/v2\/pages\/120"}],"collection":[{"href":"https:\/\/ezelasansorkiralama.com\/index.php?rest_route=\/wp\/v2\/pages"}],"about":[{"href":"https:\/\/ezelasansorkiralama.com\/index.php?rest_route=\/wp\/v2\/types\/page"}],"author":[{"embeddable":true,"href":"https:\/\/ezelasansorkiralama.com\/index.php?rest_route=\/wp\/v2\/users\/1"}],"replies":[{"embeddable":true,"href":"https:\/\/ezelasansorkiralama.com\/index.php?rest_route=%2Fwp%2Fv2%2Fcomments&post=120"}],"version-history":[{"count":5,"href":"https:\/\/ezelasansorkiralama.com\/index.php?rest_route=\/wp\/v2\/pages\/120\/revisions"}],"predecessor-version":[{"id":1029,"href":"https:\/\/ezelasansorkiralama.com\/index.php?rest_route=\/wp\/v2\/pages\/120\/revisions\/1029"}],"wp:attachment":[{"href":"https:\/\/ezelasansorkiralama.com\/index.php?rest_route=%2Fwp%2Fv2%2Fmedia&parent=120"}],"curies":[{"name":"wp","href":"https:\/\/api.w.org\/{rel}","templated":true}]}}