{"id":232,"date":"2015-05-07T13:27:36","date_gmt":"2015-05-07T13:27:36","guid":{"rendered":"https:\/\/xml-io.proteusthemes.com\/cargopress\/?page_id=232"},"modified":"2020-08-25T07:20:32","modified_gmt":"2020-08-25T07:20:32","slug":"about-us","status":"publish","type":"page","link":"https:\/\/ezelasansorkiralama.com\/?page_id=232","title":{"rendered":"Hakk\u0131m\u0131zda"},"content":{"rendered":"<div id=\"pl-232\"  class=\"panel-layout\" ><div id=\"pg-232-0\"  class=\"panel-grid panel-no-style\" ><div id=\"pgc-232-0-0\"  class=\"panel-grid-cell\" ><div id=\"panel-232-0-0-0\" class=\"so-panel widget widget_black-studio-tinymce widget_black_studio_tinymce panel-first-child panel-last-child\" data-index=\"0\" ><div class=\"textwidget\"><p>Manisa <strong>ezel<\/strong> <strong>kiral\u0131k asans\u00f6r<\/strong> firmas\u0131yla, asans\u00f6rl\u00fc e\u015fya ta\u015f\u0131ma ve asans\u00f6r kiralama i\u015flerinizi kolayl\u0131kla yapabilirsiniz. Manisa asans\u00f6r kiralama \u015firketleri i\u00e7inde size en uygun fiyatlarla asans\u00f6rl\u00fc e\u015fya nakliye hizmeti ve asans\u00f6r kiralama hizmeti sunan, profesyonel ta\u015f\u0131ma firmas\u0131y\u0131z. Manisa'da asans\u00f6r kiralama i\u015fleriniz i\u00e7in, Manisa <strong>ezel<\/strong> <strong>kiral\u0131k asans\u00f6r<\/strong> firmas\u0131n\u0131n tecr\u00fcbelerinden faydalan\u0131n. Manisa'n\u0131n en b\u00fcy\u00fck asans\u00f6r kiralama firmas\u0131y\u0131z. Manisa'da <strong>ezel<\/strong> <strong>asans\u00f6r kiralamak<\/strong>, Manisa kiral\u0131k asans\u00f6r firmas\u0131yla yap\u0131lmal\u0131d\u0131r. Bunun size hem zaman olarak hemde maddiyat olarak faydas\u0131 \u00e7ok olacakt\u0131r. Manisa asans\u00f6rl\u00fc e\u015fya ta\u015f\u0131ma i\u015flerinizde bizi aray\u0131n\u0131z.<\/p>\n<p>&nbsp;<\/p>\n<p><strong>Ezel Manisa Kiral\u0131k Asans\u00f6r<\/strong> firmas\u0131 olarak y\u0131llar\u0131n vermi\u015f oldu\u011fu tecr\u00fcbe ve ileri g\u00f6r\u00fc\u015fl\u00fc y\u00f6netim sistemi ile siz de\u011ferli m\u00fc\u015fterilerimize daha iyi hizmet verebilmek i\u00e7in \u00e7al\u0131\u015fmalar\u0131m\u0131z\u0131 s\u00fcrd\u00fcrmekteyiz. Sekt\u00f6re y\u00f6n veren firmam\u0131z Ezel <strong>Kiral\u0131k Asans\u00f6r<\/strong> hizmeti ile siz de\u011ferli m\u00fc\u015fterilerimizin gerek i\u015f hayat\u0131na kolayl\u0131k ve profesyonellik katmak gerekse yeni ya\u015fam alanlar\u0131na ta\u015f\u0131nmas\u0131 s\u0131ras\u0131nda hem zamandan hemde finansal a\u00e7\u0131dan kazan\u0131m sa\u011flamak ad\u0131na b\u00fcy\u00fck ad\u0131mlar atmaktay\u0131z. Kolay ve h\u0131zl\u0131 asans\u00f6rl\u00fc e\u015fya ta\u015f\u0131man\u0131n yolu, Manisa kiral\u0131k asans\u00f6r firmas\u0131yla anla\u015fmadan ge\u00e7er. Manisa asans\u00f6rl\u00fc e\u015fya ta\u015f\u0131ma \u015firketleri i\u00e7inde, en iyi asans\u00f6r kiralama firmas\u0131yla sizde ta\u015f\u0131n\u0131n. Manisa kiral\u0131k asans\u00f6r firmalar\u0131 aras\u0131nda size kazan\u00e7 sa\u011flayan, asans\u00f6rl\u00fc ev ta\u015f\u0131ma ve <strong>asans\u00f6r kiralama<\/strong> firmalar\u0131n\u0131 tercih ediniz. Manisa'n\u0131n en iyi asans\u00f6rl\u00fc e\u015fya nakliye \u015firketi bizsek bunu yapt\u0131\u011f\u0131m\u0131z \u00f6zverili \u00e7al\u0131\u015fmalara bor\u00e7luyuz.<\/p>\n<\/div><\/div><\/div><div id=\"pgc-232-0-1\"  class=\"panel-grid-cell\" ><div id=\"panel-232-0-1-0\" class=\"so-panel widget widget_black-studio-tinymce widget_black_studio_tinymce panel-first-child panel-last-child\" data-index=\"1\" ><div class=\"textwidget\"><p><img decoding=\"async\" class=\"alignnone wp-image-800 size-full\" src=\"http:\/\/ezelasansorkiralama.com\/wp-content\/uploads\/2020\/08\/ezel-7-3.jpg\" alt=\"\" width=\"848\" height=\"480\" srcset=\"https:\/\/ezelasansorkiralama.com\/wp-content\/uploads\/2020\/08\/ezel-7-3.jpg 848w, https:\/\/ezelasansorkiralama.com\/wp-content\/uploads\/2020\/08\/ezel-7-3-300x170.jpg 300w, https:\/\/ezelasansorkiralama.com\/wp-content\/uploads\/2020\/08\/ezel-7-3-768x435.jpg 768w, https:\/\/ezelasansorkiralama.com\/wp-content\/uploads\/2020\/08\/ezel-7-3-360x204.jpg 360w, https:\/\/ezelasansorkiralama.com\/wp-content\/uploads\/2020\/08\/ezel-7-3-600x340.jpg 600w\" sizes=\"(max-width: 848px) 100vw, 848px\" \/><\/p>\n<p>&nbsp;<\/p>\n<\/div><\/div><\/div><\/div><\/div>","protected":false},"excerpt":{"rendered":"<p>Manisa ezel kiral\u0131k asans\u00f6r firmas\u0131yla, asans\u00f6rl\u00fc e\u015fya ta\u015f\u0131ma ve asans\u00f6r kiralama i\u015flerinizi kolayl\u0131kla yapabilirsiniz. Manisa asans\u00f6r kiralama \u015firketleri i\u00e7inde size en uygun fiyatlarla asans\u00f6rl\u00fc e\u015fya nakliye hizmeti ve asans\u00f6r kiralama hizmeti sunan, profesyonel ta\u015f\u0131ma firmas\u0131y\u0131z. Manisa&#8217;da asans\u00f6r kiralama i\u015fleriniz i\u00e7in, Manisa ezel kiral\u0131k asans\u00f6r firmas\u0131n\u0131n tecr\u00fcbelerinden faydalan\u0131n. Manisa&#8217;n\u0131n en b\u00fcy\u00fck asans\u00f6r kiralama firmas\u0131y\u0131z. Manisa&#8217;da ezel &hellip;<\/p>\n","protected":false},"author":1,"featured_media":0,"parent":0,"menu_order":0,"comment_status":"closed","ping_status":"open","template":"","meta":{"footnotes":""},"class_list":["post-232","page","type-page","status-publish","hentry"],"acf":[],"yoast_head":"<!-- This site is optimized with the Yoast SEO plugin v19.1 - https:\/\/yoast.com\/wordpress\/plugins\/seo\/ -->\n<title>Hakk\u0131m\u0131zda - Manisa Asans\u00f6r Kiralama 13. Kata Kadar<\/title>\n<meta name=\"robots\" content=\"index, follow, max-snippet:-1, max-image-preview:large, max-video-preview:-1\" \/>\n<link rel=\"canonical\" href=\"https:\/\/ezelasansorkiralama.com\/?page_id=232\" \/>\n<meta property=\"og:locale\" content=\"tr_TR\" \/>\n<meta property=\"og:type\" content=\"article\" \/>\n<meta property=\"og:title\" content=\"Hakk\u0131m\u0131zda - Manisa Asans\u00f6r Kiralama 13. Kata Kadar\" \/>\n<meta property=\"og:description\" content=\"Manisa ezel kiral\u0131k asans\u00f6r firmas\u0131yla, asans\u00f6rl\u00fc e\u015fya ta\u015f\u0131ma ve asans\u00f6r kiralama i\u015flerinizi kolayl\u0131kla yapabilirsiniz. Manisa asans\u00f6r kiralama \u015firketleri i\u00e7inde size en uygun fiyatlarla asans\u00f6rl\u00fc e\u015fya nakliye hizmeti ve asans\u00f6r kiralama hizmeti sunan, profesyonel ta\u015f\u0131ma firmas\u0131y\u0131z. Manisa&#039;da asans\u00f6r kiralama i\u015fleriniz i\u00e7in, Manisa ezel kiral\u0131k asans\u00f6r firmas\u0131n\u0131n tecr\u00fcbelerinden faydalan\u0131n. Manisa&#039;n\u0131n en b\u00fcy\u00fck asans\u00f6r kiralama firmas\u0131y\u0131z. Manisa&#039;da ezel &hellip;\" \/>\n<meta property=\"og:url\" content=\"https:\/\/ezelasansorkiralama.com\/?page_id=232\" \/>\n<meta property=\"og:site_name\" content=\"Manisa Asans\u00f6r Kiralama 13. Kata Kadar\" \/>\n<meta property=\"article:modified_time\" content=\"2020-08-25T07:20:32+00:00\" \/>\n<meta property=\"og:image\" content=\"http:\/\/ezelasansorkiralama.com\/wp-content\/uploads\/2020\/08\/ezel-7-3.jpg\" \/>\n<meta name=\"twitter:card\" content=\"summary_large_image\" \/>\n<meta name=\"twitter:label1\" content=\"Tahmini okuma s\u00fcresi\" \/>\n\t<meta name=\"twitter:data1\" content=\"2 dakika\" \/>\n<script type=\"application\/ld+json\" class=\"yoast-schema-graph\">{\"@context\":\"https:\/\/schema.org\",\"@graph\":[{\"@type\":\"WebSite\",\"@id\":\"https:\/\/ezelasansorkiralama.com\/#website\",\"url\":\"https:\/\/ezelasansorkiralama.com\/\",\"name\":\"Manisa Asans\u00f6r Kiralama 13. Kata Kadar\",\"description\":\"Asans\u00f6r Kiralama Manisa\",\"potentialAction\":[{\"@type\":\"SearchAction\",\"target\":{\"@type\":\"EntryPoint\",\"urlTemplate\":\"https:\/\/ezelasansorkiralama.com\/?s={search_term_string}\"},\"query-input\":\"required name=search_term_string\"}],\"inLanguage\":\"tr\"},{\"@type\":\"ImageObject\",\"inLanguage\":\"tr\",\"@id\":\"https:\/\/ezelasansorkiralama.com\/?page_id=232#primaryimage\",\"url\":\"http:\/\/ezelasansorkiralama.com\/wp-content\/uploads\/2020\/08\/ezel-7-3.jpg\",\"contentUrl\":\"http:\/\/ezelasansorkiralama.com\/wp-content\/uploads\/2020\/08\/ezel-7-3.jpg\"},{\"@type\":\"WebPage\",\"@id\":\"https:\/\/ezelasansorkiralama.com\/?page_id=232#webpage\",\"url\":\"https:\/\/ezelasansorkiralama.com\/?page_id=232\",\"name\":\"Hakk\u0131m\u0131zda - Manisa Asans\u00f6r Kiralama 13. Kata Kadar\",\"isPartOf\":{\"@id\":\"https:\/\/ezelasansorkiralama.com\/#website\"},\"primaryImageOfPage\":{\"@id\":\"https:\/\/ezelasansorkiralama.com\/?page_id=232#primaryimage\"},\"datePublished\":\"2015-05-07T13:27:36+00:00\",\"dateModified\":\"2020-08-25T07:20:32+00:00\",\"breadcrumb\":{\"@id\":\"https:\/\/ezelasansorkiralama.com\/?page_id=232#breadcrumb\"},\"inLanguage\":\"tr\",\"potentialAction\":[{\"@type\":\"ReadAction\",\"target\":[\"https:\/\/ezelasansorkiralama.com\/?page_id=232\"]}]},{\"@type\":\"BreadcrumbList\",\"@id\":\"https:\/\/ezelasansorkiralama.com\/?page_id=232#breadcrumb\",\"itemListElement\":[{\"@type\":\"ListItem\",\"position\":1,\"name\":\"Home\",\"item\":\"https:\/\/ezelasansorkiralama.com\/\"},{\"@type\":\"ListItem\",\"position\":2,\"name\":\"Hakk\u0131m\u0131zda\"}]}]}<\/script>\n<!-- \/ Yoast SEO plugin. -->","yoast_head_json":{"title":"Hakk\u0131m\u0131zda - Manisa Asans\u00f6r Kiralama 13. Kata Kadar","robots":{"index":"index","follow":"follow","max-snippet":"max-snippet:-1","max-image-preview":"max-image-preview:large","max-video-preview":"max-video-preview:-1"},"canonical":"https:\/\/ezelasansorkiralama.com\/?page_id=232","og_locale":"tr_TR","og_type":"article","og_title":"Hakk\u0131m\u0131zda - Manisa Asans\u00f6r Kiralama 13. Kata Kadar","og_description":"Manisa ezel kiral\u0131k asans\u00f6r firmas\u0131yla, asans\u00f6rl\u00fc e\u015fya ta\u015f\u0131ma ve asans\u00f6r kiralama i\u015flerinizi kolayl\u0131kla yapabilirsiniz. Manisa asans\u00f6r kiralama \u015firketleri i\u00e7inde size en uygun fiyatlarla asans\u00f6rl\u00fc e\u015fya nakliye hizmeti ve asans\u00f6r kiralama hizmeti sunan, profesyonel ta\u015f\u0131ma firmas\u0131y\u0131z. Manisa'da asans\u00f6r kiralama i\u015fleriniz i\u00e7in, Manisa ezel kiral\u0131k asans\u00f6r firmas\u0131n\u0131n tecr\u00fcbelerinden faydalan\u0131n. Manisa'n\u0131n en b\u00fcy\u00fck asans\u00f6r kiralama firmas\u0131y\u0131z. Manisa'da ezel &hellip;","og_url":"https:\/\/ezelasansorkiralama.com\/?page_id=232","og_site_name":"Manisa Asans\u00f6r Kiralama 13. Kata Kadar","article_modified_time":"2020-08-25T07:20:32+00:00","og_image":[{"url":"http:\/\/ezelasansorkiralama.com\/wp-content\/uploads\/2020\/08\/ezel-7-3.jpg"}],"twitter_card":"summary_large_image","twitter_misc":{"Tahmini okuma s\u00fcresi":"2 dakika"},"schema":{"@context":"https:\/\/schema.org","@graph":[{"@type":"WebSite","@id":"https:\/\/ezelasansorkiralama.com\/#website","url":"https:\/\/ezelasansorkiralama.com\/","name":"Manisa Asans\u00f6r Kiralama 13. Kata Kadar","description":"Asans\u00f6r Kiralama Manisa","potentialAction":[{"@type":"SearchAction","target":{"@type":"EntryPoint","urlTemplate":"https:\/\/ezelasansorkiralama.com\/?s={search_term_string}"},"query-input":"required name=search_term_string"}],"inLanguage":"tr"},{"@type":"ImageObject","inLanguage":"tr","@id":"https:\/\/ezelasansorkiralama.com\/?page_id=232#primaryimage","url":"http:\/\/ezelasansorkiralama.com\/wp-content\/uploads\/2020\/08\/ezel-7-3.jpg","contentUrl":"http:\/\/ezelasansorkiralama.com\/wp-content\/uploads\/2020\/08\/ezel-7-3.jpg"},{"@type":"WebPage","@id":"https:\/\/ezelasansorkiralama.com\/?page_id=232#webpage","url":"https:\/\/ezelasansorkiralama.com\/?page_id=232","name":"Hakk\u0131m\u0131zda - Manisa Asans\u00f6r Kiralama 13. Kata Kadar","isPartOf":{"@id":"https:\/\/ezelasansorkiralama.com\/#website"},"primaryImageOfPage":{"@id":"https:\/\/ezelasansorkiralama.com\/?page_id=232#primaryimage"},"datePublished":"2015-05-07T13:27:36+00:00","dateModified":"2020-08-25T07:20:32+00:00","breadcrumb":{"@id":"https:\/\/ezelasansorkiralama.com\/?page_id=232#breadcrumb"},"inLanguage":"tr","potentialAction":[{"@type":"ReadAction","target":["https:\/\/ezelasansorkiralama.com\/?page_id=232"]}]},{"@type":"BreadcrumbList","@id":"https:\/\/ezelasansorkiralama.com\/?page_id=232#breadcrumb","itemListElement":[{"@type":"ListItem","position":1,"name":"Home","item":"https:\/\/ezelasansorkiralama.com\/"},{"@type":"ListItem","position":2,"name":"Hakk\u0131m\u0131zda"}]}]}},"_links":{"self":[{"href":"https:\/\/ezelasansorkiralama.com\/index.php?rest_route=\/wp\/v2\/pages\/232"}],"collection":[{"href":"https:\/\/ezelasansorkiralama.com\/index.php?rest_route=\/wp\/v2\/pages"}],"about":[{"href":"https:\/\/ezelasansorkiralama.com\/index.php?rest_route=\/wp\/v2\/types\/page"}],"author":[{"embeddable":true,"href":"https:\/\/ezelasansorkiralama.com\/index.php?rest_route=\/wp\/v2\/users\/1"}],"replies":[{"embeddable":true,"href":"https:\/\/ezelasansorkiralama.com\/index.php?rest_route=%2Fwp%2Fv2%2Fcomments&post=232"}],"version-history":[{"count":0,"href":"https:\/\/ezelasansorkiralama.com\/index.php?rest_route=\/wp\/v2\/pages\/232\/revisions"}],"wp:attachment":[{"href":"https:\/\/ezelasansorkiralama.com\/index.php?rest_route=%2Fwp%2Fv2%2Fmedia&parent=232"}],"curies":[{"name":"wp","href":"https:\/\/api.w.org\/{rel}","templated":true}]}}