{"id":78,"date":"2015-04-23T11:19:03","date_gmt":"2015-04-23T11:19:03","guid":{"rendered":"https:\/\/xml-io.proteusthemes.com\/cargopress\/?page_id=78"},"modified":"2021-08-06T10:59:25","modified_gmt":"2021-08-06T10:59:25","slug":"storage","status":"publish","type":"page","link":"https:\/\/ezelasansorkiralama.com\/?page_id=78","title":{"rendered":"MAN\u0130SA EVDEN EVE NAKL\u0130YAT"},"content":{"rendered":"<div id=\"pl-78\"  class=\"panel-layout\" ><div id=\"pg-78-0\"  class=\"panel-grid panel-no-style\" ><div id=\"pgc-78-0-0\"  class=\"panel-grid-cell\" ><div id=\"panel-78-0-0-0\" class=\"so-panel widget widget_black-studio-tinymce widget_black_studio_tinymce panel-first-child panel-last-child\" data-index=\"0\" ><div class=\"textwidget\"><p>Manisa'da <strong>asans\u00f6rl\u00fc ev ta\u015f\u0131ma<\/strong>\u00a0firmalar\u0131na asans\u00f6r kiralama hizmeti sunan ve kendi b\u00fcnyesinde\u00a0<strong>asans\u00f6rl\u00fc evden eve nakliyat<\/strong> hizmeti sunan, g\u00fcvenilir ve kurumsal nakliye firmas\u0131y\u0131z. Manisa'n\u0131n t\u00fcm il\u00e7elerinde <strong>asans\u00f6rl\u00fc ev ta\u015f\u0131ma<\/strong>\u00a0hizmeti sunan en iyi evden eve nakliyat ve\u00a0<strong>asans\u00f6r kiralama<\/strong> firmas\u0131 olmay\u0131, sekt\u00f6rde olu\u015fan bo\u015flu\u011fa bor\u00e7luyuz. Manisa'da en iyi <strong>asans\u00f6r kiralama<\/strong>\u00a0ve\u00a0<strong>asans\u00f6rl\u00fc ev ta\u015f\u0131ma<\/strong>\u00a0firmas\u0131y\u0131z. Nakliye firmalar\u0131 aras\u0131nda\u00a0<strong>asans\u00f6rl\u00fc evden eve nakliyat<\/strong>\u00a0hizmetini sorunsuz \u015fekilde sunan en iyi ta\u015f\u0131ma firmas\u0131y\u0131z.<\/p>\n<p><strong>Asans\u00f6rl\u00fc evden eve nakliyat<\/strong>\u00a0firmas\u0131 veya\u00a0<strong>asans\u00f6r kiralama<\/strong> \u015firketi aramakla u\u011fra\u015fmay\u0131n\u0131z. Aray\u0131n Manisa <strong>asans\u00f6rl\u00fc ev ta\u015f\u0131ma<\/strong>\u00a0ve\u00a0<strong>asans\u00f6r kiralama<\/strong> firmas\u0131n\u0131 rahat ediniz. Manisa'daki <strong>asans\u00f6rl\u00fc ev ta\u015f\u0131ma<\/strong>\u00a0firmalar\u0131 aras\u0131nda en uygun fiyatlarla kaliteli hizmetin de\u011fi\u015fmeyen tek adresiyiz.\u00a0<strong>Asans\u00f6r kiralama<\/strong> firmalar\u0131 aras\u0131nda fark\u0131m\u0131z \u00e7ok a\u00e7\u0131k \u015fekilde bellidir. Manisa'da son model ve bak\u0131ml\u0131 <strong>asans\u00f6rlerle ev ta\u015f\u0131ma<\/strong>\u00a0hizmeti sunan tek firmay\u0131z.<\/p>\n<\/div><\/div><\/div><div id=\"pgc-78-0-1\"  class=\"panel-grid-cell\" ><div id=\"panel-78-0-1-0\" class=\"so-panel widget widget_black-studio-tinymce widget_black_studio_tinymce panel-first-child panel-last-child\" data-index=\"1\" ><div class=\"textwidget\"><p><img decoding=\"async\" class=\"alignnone wp-image-746 size-full\" src=\"http:\/\/ezelasansorkiralama.com\/wp-content\/uploads\/2020\/08\/eeed8ed3-9cfc-45c3-a3e0-5e6a38db34eb-1.jpg\" alt=\"\" width=\"800\" height=\"427\" srcset=\"https:\/\/ezelasansorkiralama.com\/wp-content\/uploads\/2020\/08\/eeed8ed3-9cfc-45c3-a3e0-5e6a38db34eb-1.jpg 800w, https:\/\/ezelasansorkiralama.com\/wp-content\/uploads\/2020\/08\/eeed8ed3-9cfc-45c3-a3e0-5e6a38db34eb-1-600x320.jpg 600w, https:\/\/ezelasansorkiralama.com\/wp-content\/uploads\/2020\/08\/eeed8ed3-9cfc-45c3-a3e0-5e6a38db34eb-1-300x160.jpg 300w, https:\/\/ezelasansorkiralama.com\/wp-content\/uploads\/2020\/08\/eeed8ed3-9cfc-45c3-a3e0-5e6a38db34eb-1-768x410.jpg 768w\" sizes=\"(max-width: 800px) 100vw, 800px\" \/><\/p>\n<p><img decoding=\"async\" class=\"alignnone wp-image-800 \" src=\"http:\/\/ezelasansorkiralama.com\/wp-content\/uploads\/2020\/08\/ezel-7-3.jpg\" alt=\"\" width=\"804\" height=\"455\" srcset=\"https:\/\/ezelasansorkiralama.com\/wp-content\/uploads\/2020\/08\/ezel-7-3.jpg 848w, https:\/\/ezelasansorkiralama.com\/wp-content\/uploads\/2020\/08\/ezel-7-3-300x170.jpg 300w, https:\/\/ezelasansorkiralama.com\/wp-content\/uploads\/2020\/08\/ezel-7-3-768x435.jpg 768w, https:\/\/ezelasansorkiralama.com\/wp-content\/uploads\/2020\/08\/ezel-7-3-360x204.jpg 360w, https:\/\/ezelasansorkiralama.com\/wp-content\/uploads\/2020\/08\/ezel-7-3-600x340.jpg 600w\" sizes=\"(max-width: 804px) 100vw, 804px\" \/><\/p>\n<\/div><\/div><\/div><\/div><\/div>","protected":false},"excerpt":{"rendered":"<p>Manisa&#8217;da asans\u00f6rl\u00fc ev ta\u015f\u0131ma\u00a0firmalar\u0131na asans\u00f6r kiralama hizmeti sunan ve kendi b\u00fcnyesinde\u00a0asans\u00f6rl\u00fc evden eve nakliyat hizmeti sunan, g\u00fcvenilir ve kurumsal nakliye firmas\u0131y\u0131z. Manisa&#8217;n\u0131n t\u00fcm il\u00e7elerinde asans\u00f6rl\u00fc ev ta\u015f\u0131ma\u00a0hizmeti sunan en iyi evden eve nakliyat ve\u00a0asans\u00f6r kiralama firmas\u0131 olmay\u0131, sekt\u00f6rde olu\u015fan bo\u015flu\u011fa bor\u00e7luyuz. Manisa&#8217;da en iyi asans\u00f6r kiralama\u00a0ve\u00a0asans\u00f6rl\u00fc ev ta\u015f\u0131ma\u00a0firmas\u0131y\u0131z. Nakliye firmalar\u0131 aras\u0131nda\u00a0asans\u00f6rl\u00fc evden eve nakliyat\u00a0hizmetini sorunsuz &hellip;<\/p>\n","protected":false},"author":1,"featured_media":832,"parent":76,"menu_order":0,"comment_status":"closed","ping_status":"open","template":"","meta":{"footnotes":""},"class_list":["post-78","page","type-page","status-publish","has-post-thumbnail","hentry"],"acf":[],"yoast_head":"<!-- This site is optimized with the Yoast SEO plugin v19.1 - https:\/\/yoast.com\/wordpress\/plugins\/seo\/ -->\n<title>MAN\u0130SA EVDEN EVE NAKL\u0130YAT - Manisa Asans\u00f6r Kiralama 13. Kata Kadar<\/title>\n<meta name=\"description\" content=\"Manisa asans\u00f6r kiralama, on\u00fc\u00e7\u00fcnc\u00fc kata kadar kurulum ve kiral\u0131k asans\u00f6r ile h\u0131zl\u0131, g\u00fcvenli ta\u015f\u0131ma, e\u015fya ta\u015f\u0131ma asans\u00f6r\u00fc ve uygun fiyat garantisi.\" \/>\n<meta name=\"robots\" content=\"index, follow, max-snippet:-1, max-image-preview:large, max-video-preview:-1\" \/>\n<link rel=\"canonical\" href=\"https:\/\/ezelasansorkiralama.com\/?page_id=78\" \/>\n<meta property=\"og:locale\" content=\"tr_TR\" \/>\n<meta property=\"og:type\" content=\"article\" \/>\n<meta property=\"og:title\" content=\"MAN\u0130SA EVDEN EVE NAKL\u0130YAT - Manisa Asans\u00f6r Kiralama 13. Kata Kadar\" \/>\n<meta property=\"og:description\" content=\"Manisa asans\u00f6r kiralama, on\u00fc\u00e7\u00fcnc\u00fc kata kadar kurulum ve kiral\u0131k asans\u00f6r ile h\u0131zl\u0131, g\u00fcvenli ta\u015f\u0131ma, e\u015fya ta\u015f\u0131ma asans\u00f6r\u00fc ve uygun fiyat garantisi.\" \/>\n<meta property=\"og:url\" content=\"https:\/\/ezelasansorkiralama.com\/?page_id=78\" \/>\n<meta property=\"og:site_name\" content=\"Manisa Asans\u00f6r Kiralama 13. Kata Kadar\" \/>\n<meta property=\"article:modified_time\" content=\"2021-08-06T10:59:25+00:00\" \/>\n<meta property=\"og:image\" content=\"https:\/\/ezelasansorkiralama.com\/wp-content\/uploads\/2020\/08\/679cb14c-76f0-4802-b1a2-7b53583cbe49-2.jpg\" \/>\n\t<meta property=\"og:image:width\" content=\"1600\" \/>\n\t<meta property=\"og:image:height\" content=\"1200\" \/>\n\t<meta property=\"og:image:type\" content=\"image\/jpeg\" \/>\n<meta name=\"twitter:card\" content=\"summary_large_image\" \/>\n<meta name=\"twitter:label1\" content=\"Tahmini okuma s\u00fcresi\" \/>\n\t<meta name=\"twitter:data1\" content=\"1 dakika\" \/>\n<script type=\"application\/ld+json\" class=\"yoast-schema-graph\">{\"@context\":\"https:\/\/schema.org\",\"@graph\":[{\"@type\":\"WebSite\",\"@id\":\"https:\/\/ezelasansorkiralama.com\/#website\",\"url\":\"https:\/\/ezelasansorkiralama.com\/\",\"name\":\"Manisa Asans\u00f6r Kiralama 13. Kata Kadar\",\"description\":\"Asans\u00f6r Kiralama Manisa\",\"potentialAction\":[{\"@type\":\"SearchAction\",\"target\":{\"@type\":\"EntryPoint\",\"urlTemplate\":\"https:\/\/ezelasansorkiralama.com\/?s={search_term_string}\"},\"query-input\":\"required name=search_term_string\"}],\"inLanguage\":\"tr\"},{\"@type\":\"ImageObject\",\"inLanguage\":\"tr\",\"@id\":\"https:\/\/ezelasansorkiralama.com\/?page_id=78#primaryimage\",\"url\":\"https:\/\/ezelasansorkiralama.com\/wp-content\/uploads\/2020\/08\/679cb14c-76f0-4802-b1a2-7b53583cbe49-2.jpg\",\"contentUrl\":\"https:\/\/ezelasansorkiralama.com\/wp-content\/uploads\/2020\/08\/679cb14c-76f0-4802-b1a2-7b53583cbe49-2.jpg\",\"width\":1600,\"height\":1200},{\"@type\":\"WebPage\",\"@id\":\"https:\/\/ezelasansorkiralama.com\/?page_id=78#webpage\",\"url\":\"https:\/\/ezelasansorkiralama.com\/?page_id=78\",\"name\":\"MAN\u0130SA EVDEN EVE NAKL\u0130YAT - Manisa Asans\u00f6r Kiralama 13. Kata Kadar\",\"isPartOf\":{\"@id\":\"https:\/\/ezelasansorkiralama.com\/#website\"},\"primaryImageOfPage\":{\"@id\":\"https:\/\/ezelasansorkiralama.com\/?page_id=78#primaryimage\"},\"datePublished\":\"2015-04-23T11:19:03+00:00\",\"dateModified\":\"2021-08-06T10:59:25+00:00\",\"description\":\"Manisa asans\u00f6r kiralama, on\u00fc\u00e7\u00fcnc\u00fc kata kadar kurulum ve kiral\u0131k asans\u00f6r ile h\u0131zl\u0131, g\u00fcvenli ta\u015f\u0131ma, e\u015fya ta\u015f\u0131ma asans\u00f6r\u00fc ve uygun fiyat garantisi.\",\"breadcrumb\":{\"@id\":\"https:\/\/ezelasansorkiralama.com\/?page_id=78#breadcrumb\"},\"inLanguage\":\"tr\",\"potentialAction\":[{\"@type\":\"ReadAction\",\"target\":[\"https:\/\/ezelasansorkiralama.com\/?page_id=78\"]}]},{\"@type\":\"BreadcrumbList\",\"@id\":\"https:\/\/ezelasansorkiralama.com\/?page_id=78#breadcrumb\",\"itemListElement\":[{\"@type\":\"ListItem\",\"position\":1,\"name\":\"Home\",\"item\":\"https:\/\/ezelasansorkiralama.com\/\"},{\"@type\":\"ListItem\",\"position\":2,\"name\":\"Hizmetler\",\"item\":\"https:\/\/ezelasansorkiralama.com\/?page_id=76\"},{\"@type\":\"ListItem\",\"position\":3,\"name\":\"MAN\u0130SA EVDEN EVE NAKL\u0130YAT\"}]}]}<\/script>\n<!-- \/ Yoast SEO plugin. -->","yoast_head_json":{"title":"MAN\u0130SA EVDEN EVE NAKL\u0130YAT - Manisa Asans\u00f6r Kiralama 13. Kata Kadar","description":"Manisa asans\u00f6r kiralama, on\u00fc\u00e7\u00fcnc\u00fc kata kadar kurulum ve kiral\u0131k asans\u00f6r ile h\u0131zl\u0131, g\u00fcvenli ta\u015f\u0131ma, e\u015fya ta\u015f\u0131ma asans\u00f6r\u00fc ve uygun fiyat garantisi.","robots":{"index":"index","follow":"follow","max-snippet":"max-snippet:-1","max-image-preview":"max-image-preview:large","max-video-preview":"max-video-preview:-1"},"canonical":"https:\/\/ezelasansorkiralama.com\/?page_id=78","og_locale":"tr_TR","og_type":"article","og_title":"MAN\u0130SA EVDEN EVE NAKL\u0130YAT - Manisa Asans\u00f6r Kiralama 13. Kata Kadar","og_description":"Manisa asans\u00f6r kiralama, on\u00fc\u00e7\u00fcnc\u00fc kata kadar kurulum ve kiral\u0131k asans\u00f6r ile h\u0131zl\u0131, g\u00fcvenli ta\u015f\u0131ma, e\u015fya ta\u015f\u0131ma asans\u00f6r\u00fc ve uygun fiyat garantisi.","og_url":"https:\/\/ezelasansorkiralama.com\/?page_id=78","og_site_name":"Manisa Asans\u00f6r Kiralama 13. Kata Kadar","article_modified_time":"2021-08-06T10:59:25+00:00","og_image":[{"width":1600,"height":1200,"url":"https:\/\/ezelasansorkiralama.com\/wp-content\/uploads\/2020\/08\/679cb14c-76f0-4802-b1a2-7b53583cbe49-2.jpg","type":"image\/jpeg"}],"twitter_card":"summary_large_image","twitter_misc":{"Tahmini okuma s\u00fcresi":"1 dakika"},"schema":{"@context":"https:\/\/schema.org","@graph":[{"@type":"WebSite","@id":"https:\/\/ezelasansorkiralama.com\/#website","url":"https:\/\/ezelasansorkiralama.com\/","name":"Manisa Asans\u00f6r Kiralama 13. Kata Kadar","description":"Asans\u00f6r Kiralama Manisa","potentialAction":[{"@type":"SearchAction","target":{"@type":"EntryPoint","urlTemplate":"https:\/\/ezelasansorkiralama.com\/?s={search_term_string}"},"query-input":"required name=search_term_string"}],"inLanguage":"tr"},{"@type":"ImageObject","inLanguage":"tr","@id":"https:\/\/ezelasansorkiralama.com\/?page_id=78#primaryimage","url":"https:\/\/ezelasansorkiralama.com\/wp-content\/uploads\/2020\/08\/679cb14c-76f0-4802-b1a2-7b53583cbe49-2.jpg","contentUrl":"https:\/\/ezelasansorkiralama.com\/wp-content\/uploads\/2020\/08\/679cb14c-76f0-4802-b1a2-7b53583cbe49-2.jpg","width":1600,"height":1200},{"@type":"WebPage","@id":"https:\/\/ezelasansorkiralama.com\/?page_id=78#webpage","url":"https:\/\/ezelasansorkiralama.com\/?page_id=78","name":"MAN\u0130SA EVDEN EVE NAKL\u0130YAT - Manisa Asans\u00f6r Kiralama 13. Kata Kadar","isPartOf":{"@id":"https:\/\/ezelasansorkiralama.com\/#website"},"primaryImageOfPage":{"@id":"https:\/\/ezelasansorkiralama.com\/?page_id=78#primaryimage"},"datePublished":"2015-04-23T11:19:03+00:00","dateModified":"2021-08-06T10:59:25+00:00","description":"Manisa asans\u00f6r kiralama, on\u00fc\u00e7\u00fcnc\u00fc kata kadar kurulum ve kiral\u0131k asans\u00f6r ile h\u0131zl\u0131, g\u00fcvenli ta\u015f\u0131ma, e\u015fya ta\u015f\u0131ma asans\u00f6r\u00fc ve uygun fiyat garantisi.","breadcrumb":{"@id":"https:\/\/ezelasansorkiralama.com\/?page_id=78#breadcrumb"},"inLanguage":"tr","potentialAction":[{"@type":"ReadAction","target":["https:\/\/ezelasansorkiralama.com\/?page_id=78"]}]},{"@type":"BreadcrumbList","@id":"https:\/\/ezelasansorkiralama.com\/?page_id=78#breadcrumb","itemListElement":[{"@type":"ListItem","position":1,"name":"Home","item":"https:\/\/ezelasansorkiralama.com\/"},{"@type":"ListItem","position":2,"name":"Hizmetler","item":"https:\/\/ezelasansorkiralama.com\/?page_id=76"},{"@type":"ListItem","position":3,"name":"MAN\u0130SA EVDEN EVE NAKL\u0130YAT"}]}]}},"_links":{"self":[{"href":"https:\/\/ezelasansorkiralama.com\/index.php?rest_route=\/wp\/v2\/pages\/78"}],"collection":[{"href":"https:\/\/ezelasansorkiralama.com\/index.php?rest_route=\/wp\/v2\/pages"}],"about":[{"href":"https:\/\/ezelasansorkiralama.com\/index.php?rest_route=\/wp\/v2\/types\/page"}],"author":[{"embeddable":true,"href":"https:\/\/ezelasansorkiralama.com\/index.php?rest_route=\/wp\/v2\/users\/1"}],"replies":[{"embeddable":true,"href":"https:\/\/ezelasansorkiralama.com\/index.php?rest_route=%2Fwp%2Fv2%2Fcomments&post=78"}],"version-history":[{"count":0,"href":"https:\/\/ezelasansorkiralama.com\/index.php?rest_route=\/wp\/v2\/pages\/78\/revisions"}],"up":[{"embeddable":true,"href":"https:\/\/ezelasansorkiralama.com\/index.php?rest_route=\/wp\/v2\/pages\/76"}],"wp:featuredmedia":[{"embeddable":true,"href":"https:\/\/ezelasansorkiralama.com\/index.php?rest_route=\/wp\/v2\/media\/832"}],"wp:attachment":[{"href":"https:\/\/ezelasansorkiralama.com\/index.php?rest_route=%2Fwp%2Fv2%2Fmedia&parent=78"}],"curies":[{"name":"wp","href":"https:\/\/api.w.org\/{rel}","templated":true}]}}