{"id":97,"date":"2015-04-23T12:33:55","date_gmt":"2015-04-23T12:33:55","guid":{"rendered":"https:\/\/xml-io.proteusthemes.com\/cargopress\/?page_id=97"},"modified":"2023-04-27T10:06:40","modified_gmt":"2023-04-27T10:06:40","slug":"warehousing","status":"publish","type":"page","link":"https:\/\/ezelasansorkiralama.com\/?page_id=97","title":{"rendered":"MAN\u0130SA PAR\u00c7A E\u015eYA TA\u015eIMA"},"content":{"rendered":"<div id=\"pl-97\"  class=\"panel-layout\" ><div id=\"pg-97-0\"  class=\"panel-grid panel-no-style\" ><div id=\"pgc-97-0-0\"  class=\"panel-grid-cell\" ><div id=\"panel-97-0-0-0\" class=\"so-panel widget widget_black-studio-tinymce widget_black_studio_tinymce panel-first-child panel-last-child\" data-index=\"0\" ><h3 class=\"widget-title\"><span class=\"widget-title__inline\">MAN\u0130SA PAR\u00c7A E\u015eYA TA\u015eIMA H\u0130ZMET\u0130<\/span><\/h3><div class=\"textwidget\"><p>Manisa asans\u00f6rl\u00fc e\u015fya ta\u015f\u0131ma \u015firketleri i\u00e7inde, asans\u00f6r kiralama ve asans\u00f6rl\u00fc ta\u015f\u0131ma hizmeti sunan, en iyi Manisa asans\u00f6r kiralama firmas\u0131y\u0131z. Manisa'da her t\u00fcrl\u00fc e\u015fyan\u0131z\u0131 asans\u00f6rl\u00fc ta\u015f\u0131ma sistemimizle y\u00fcksek katlara ve dar merdivenlerde ta\u015f\u0131tabilirsiniz. Manisa'n\u0131n en iyi par\u00e7a e\u015fya ta\u015f\u0131ma firmas\u0131yla sizde sorunsuz \u015fekilde ta\u015f\u0131n\u0131n. Amac\u0131m\u0131z Manisa asans\u00f6rl\u00fc ta\u015f\u0131ma firmalar\u0131 aras\u0131nda rekabet yaratarak kaliteyi art\u0131r\u0131p fiyatlar\u0131 uygun hale getirmekdir. Manisa'da en uygun fiyatlarla\u00a0<strong>asans\u00f6rl\u00fc e\u015fya ta\u015f\u0131mas\u0131<\/strong>\u00a0bizde.<\/p>\n<p>Manisa\u2018da Asans\u00f6rl\u00fc par\u00e7a e\u015fya ta\u015f\u0131ma i\u015fleriniz i\u00e7in,\u00a0<strong>Manisa asans\u00f6r kiralama<\/strong>\u00a0firmam\u0131z\u0131 arayarak rezervasyon yapt\u0131rman\u0131z yeterlidir. Manisa'n\u0131n t\u00fcm il\u00e7elerinde zaman\u0131nda ve h\u0131zl\u0131 asans\u00f6rl\u00fc par\u00e7a e\u015fya ta\u015f\u0131mas\u0131 yap\u0131l\u0131r. \u0130ster size kendiniz ta\u015f\u0131y\u0131n. Bizden sadece asans\u00f6r kiralama hizmeti isteyin. \u0130stersenizde, b\u0131rak\u0131n bize biz komple ambalajl\u0131 ve sigortal\u0131 olarak asans\u00f6rl\u00fc sistemle ta\u015f\u0131yal\u0131m. Manisa'da asans\u00f6r kiralamas\u0131 ve asans\u00f6rl\u00fc par\u00e7a e\u015fya ta\u015f\u0131mas\u0131 yapan kurumsal<strong>\u00a0nakliye<\/strong>\u00a0firmas\u0131y\u0131z.\u00a0<strong>Asans\u00f6rl\u00fc e\u015fya ta\u015f\u0131ma<\/strong>\u00a0firmalar\u0131 aras\u0131nda en iyi asans\u00f6rl\u00fc par\u00e7a e\u015fya ta\u015f\u0131ma \u015firketiyiz.<\/p>\n<\/div><\/div><\/div><div id=\"pgc-97-0-1\"  class=\"panel-grid-cell\" ><div id=\"panel-97-0-1-0\" class=\"so-panel widget widget_black-studio-tinymce widget_black_studio_tinymce panel-first-child panel-last-child\" data-index=\"1\" ><div class=\"textwidget\"><p><img decoding=\"async\" class=\"alignnone wp-image-746 size-full\" src=\"http:\/\/ezelasansorkiralama.com\/wp-content\/uploads\/2020\/08\/eeed8ed3-9cfc-45c3-a3e0-5e6a38db34eb-1.jpg\" alt=\"\" width=\"800\" height=\"427\" srcset=\"https:\/\/ezelasansorkiralama.com\/wp-content\/uploads\/2020\/08\/eeed8ed3-9cfc-45c3-a3e0-5e6a38db34eb-1.jpg 800w, https:\/\/ezelasansorkiralama.com\/wp-content\/uploads\/2020\/08\/eeed8ed3-9cfc-45c3-a3e0-5e6a38db34eb-1-600x320.jpg 600w, https:\/\/ezelasansorkiralama.com\/wp-content\/uploads\/2020\/08\/eeed8ed3-9cfc-45c3-a3e0-5e6a38db34eb-1-300x160.jpg 300w, https:\/\/ezelasansorkiralama.com\/wp-content\/uploads\/2020\/08\/eeed8ed3-9cfc-45c3-a3e0-5e6a38db34eb-1-768x410.jpg 768w\" sizes=\"(max-width: 800px) 100vw, 800px\" \/><\/p>\n<p><img decoding=\"async\" class=\"alignnone wp-image-800 \" src=\"http:\/\/ezelasansorkiralama.com\/wp-content\/uploads\/2020\/08\/ezel-7-3.jpg\" alt=\"\" width=\"799\" height=\"452\" srcset=\"https:\/\/ezelasansorkiralama.com\/wp-content\/uploads\/2020\/08\/ezel-7-3.jpg 848w, https:\/\/ezelasansorkiralama.com\/wp-content\/uploads\/2020\/08\/ezel-7-3-300x170.jpg 300w, https:\/\/ezelasansorkiralama.com\/wp-content\/uploads\/2020\/08\/ezel-7-3-768x435.jpg 768w, https:\/\/ezelasansorkiralama.com\/wp-content\/uploads\/2020\/08\/ezel-7-3-360x204.jpg 360w, https:\/\/ezelasansorkiralama.com\/wp-content\/uploads\/2020\/08\/ezel-7-3-600x340.jpg 600w\" sizes=\"(max-width: 799px) 100vw, 799px\" \/><\/p>\n<\/div><\/div><\/div><\/div><\/div>","protected":false},"excerpt":{"rendered":"<p>Manisa asans\u00f6rl\u00fc e\u015fya ta\u015f\u0131ma \u015firketleri i\u00e7inde, asans\u00f6r kiralama ve asans\u00f6rl\u00fc ta\u015f\u0131ma hizmeti sunan, en iyi Manisa asans\u00f6r kiralama firmas\u0131y\u0131z. Manisa&#8217;da her t\u00fcrl\u00fc e\u015fyan\u0131z\u0131 asans\u00f6rl\u00fc ta\u015f\u0131ma sistemimizle y\u00fcksek katlara ve dar merdivenlerde ta\u015f\u0131tabilirsiniz. Manisa&#8217;n\u0131n en iyi par\u00e7a e\u015fya ta\u015f\u0131ma firmas\u0131yla sizde sorunsuz \u015fekilde ta\u015f\u0131n\u0131n. Amac\u0131m\u0131z Manisa asans\u00f6rl\u00fc ta\u015f\u0131ma firmalar\u0131 aras\u0131nda rekabet yaratarak kaliteyi art\u0131r\u0131p fiyatlar\u0131 uygun &hellip;<\/p>\n","protected":false},"author":1,"featured_media":849,"parent":76,"menu_order":0,"comment_status":"closed","ping_status":"open","template":"","meta":{"footnotes":""},"class_list":["post-97","page","type-page","status-publish","has-post-thumbnail","hentry"],"acf":[],"yoast_head":"<!-- This site is optimized with the Yoast SEO plugin v19.1 - https:\/\/yoast.com\/wordpress\/plugins\/seo\/ -->\n<title>MAN\u0130SA PAR\u00c7A E\u015eYA TA\u015eIMA - Manisa Asans\u00f6r Kiralama 13. Kata Kadar<\/title>\n<meta name=\"robots\" content=\"index, follow, max-snippet:-1, max-image-preview:large, max-video-preview:-1\" \/>\n<link rel=\"canonical\" href=\"https:\/\/ezelasansorkiralama.com\/?page_id=97\" \/>\n<meta property=\"og:locale\" content=\"tr_TR\" \/>\n<meta property=\"og:type\" content=\"article\" \/>\n<meta property=\"og:title\" content=\"MAN\u0130SA PAR\u00c7A E\u015eYA TA\u015eIMA - Manisa Asans\u00f6r Kiralama 13. Kata Kadar\" \/>\n<meta property=\"og:description\" content=\"Manisa asans\u00f6rl\u00fc e\u015fya ta\u015f\u0131ma \u015firketleri i\u00e7inde, asans\u00f6r kiralama ve asans\u00f6rl\u00fc ta\u015f\u0131ma hizmeti sunan, en iyi Manisa asans\u00f6r kiralama firmas\u0131y\u0131z. Manisa&#039;da her t\u00fcrl\u00fc e\u015fyan\u0131z\u0131 asans\u00f6rl\u00fc ta\u015f\u0131ma sistemimizle y\u00fcksek katlara ve dar merdivenlerde ta\u015f\u0131tabilirsiniz. Manisa&#039;n\u0131n en iyi par\u00e7a e\u015fya ta\u015f\u0131ma firmas\u0131yla sizde sorunsuz \u015fekilde ta\u015f\u0131n\u0131n. Amac\u0131m\u0131z Manisa asans\u00f6rl\u00fc ta\u015f\u0131ma firmalar\u0131 aras\u0131nda rekabet yaratarak kaliteyi art\u0131r\u0131p fiyatlar\u0131 uygun &hellip;\" \/>\n<meta property=\"og:url\" content=\"https:\/\/ezelasansorkiralama.com\/?page_id=97\" \/>\n<meta property=\"og:site_name\" content=\"Manisa Asans\u00f6r Kiralama 13. Kata Kadar\" \/>\n<meta property=\"article:modified_time\" content=\"2023-04-27T10:06:40+00:00\" \/>\n<meta property=\"og:image\" content=\"https:\/\/ezelasansorkiralama.com\/wp-content\/uploads\/2020\/08\/asansorlu-nakliyat-ezel.jpg\" \/>\n\t<meta property=\"og:image:width\" content=\"600\" \/>\n\t<meta property=\"og:image:height\" content=\"450\" \/>\n\t<meta property=\"og:image:type\" content=\"image\/jpeg\" \/>\n<meta name=\"twitter:card\" content=\"summary_large_image\" \/>\n<meta name=\"twitter:label1\" content=\"Tahmini okuma s\u00fcresi\" \/>\n\t<meta name=\"twitter:data1\" content=\"1 dakika\" \/>\n<script type=\"application\/ld+json\" class=\"yoast-schema-graph\">{\"@context\":\"https:\/\/schema.org\",\"@graph\":[{\"@type\":\"WebSite\",\"@id\":\"https:\/\/ezelasansorkiralama.com\/#website\",\"url\":\"https:\/\/ezelasansorkiralama.com\/\",\"name\":\"Manisa Asans\u00f6r Kiralama 13. Kata Kadar\",\"description\":\"Asans\u00f6r Kiralama Manisa\",\"potentialAction\":[{\"@type\":\"SearchAction\",\"target\":{\"@type\":\"EntryPoint\",\"urlTemplate\":\"https:\/\/ezelasansorkiralama.com\/?s={search_term_string}\"},\"query-input\":\"required name=search_term_string\"}],\"inLanguage\":\"tr\"},{\"@type\":\"ImageObject\",\"inLanguage\":\"tr\",\"@id\":\"https:\/\/ezelasansorkiralama.com\/?page_id=97#primaryimage\",\"url\":\"https:\/\/ezelasansorkiralama.com\/wp-content\/uploads\/2020\/08\/asansorlu-nakliyat-ezel.jpg\",\"contentUrl\":\"https:\/\/ezelasansorkiralama.com\/wp-content\/uploads\/2020\/08\/asansorlu-nakliyat-ezel.jpg\",\"width\":600,\"height\":450},{\"@type\":\"WebPage\",\"@id\":\"https:\/\/ezelasansorkiralama.com\/?page_id=97#webpage\",\"url\":\"https:\/\/ezelasansorkiralama.com\/?page_id=97\",\"name\":\"MAN\u0130SA PAR\u00c7A E\u015eYA TA\u015eIMA - Manisa Asans\u00f6r Kiralama 13. Kata Kadar\",\"isPartOf\":{\"@id\":\"https:\/\/ezelasansorkiralama.com\/#website\"},\"primaryImageOfPage\":{\"@id\":\"https:\/\/ezelasansorkiralama.com\/?page_id=97#primaryimage\"},\"datePublished\":\"2015-04-23T12:33:55+00:00\",\"dateModified\":\"2023-04-27T10:06:40+00:00\",\"breadcrumb\":{\"@id\":\"https:\/\/ezelasansorkiralama.com\/?page_id=97#breadcrumb\"},\"inLanguage\":\"tr\",\"potentialAction\":[{\"@type\":\"ReadAction\",\"target\":[\"https:\/\/ezelasansorkiralama.com\/?page_id=97\"]}]},{\"@type\":\"BreadcrumbList\",\"@id\":\"https:\/\/ezelasansorkiralama.com\/?page_id=97#breadcrumb\",\"itemListElement\":[{\"@type\":\"ListItem\",\"position\":1,\"name\":\"Home\",\"item\":\"https:\/\/ezelasansorkiralama.com\/\"},{\"@type\":\"ListItem\",\"position\":2,\"name\":\"Hizmetler\",\"item\":\"https:\/\/ezelasansorkiralama.com\/?page_id=76\"},{\"@type\":\"ListItem\",\"position\":3,\"name\":\"MAN\u0130SA PAR\u00c7A E\u015eYA TA\u015eIMA\"}]}]}<\/script>\n<!-- \/ Yoast SEO plugin. -->","yoast_head_json":{"title":"MAN\u0130SA PAR\u00c7A E\u015eYA TA\u015eIMA - Manisa Asans\u00f6r Kiralama 13. Kata Kadar","robots":{"index":"index","follow":"follow","max-snippet":"max-snippet:-1","max-image-preview":"max-image-preview:large","max-video-preview":"max-video-preview:-1"},"canonical":"https:\/\/ezelasansorkiralama.com\/?page_id=97","og_locale":"tr_TR","og_type":"article","og_title":"MAN\u0130SA PAR\u00c7A E\u015eYA TA\u015eIMA - Manisa Asans\u00f6r Kiralama 13. Kata Kadar","og_description":"Manisa asans\u00f6rl\u00fc e\u015fya ta\u015f\u0131ma \u015firketleri i\u00e7inde, asans\u00f6r kiralama ve asans\u00f6rl\u00fc ta\u015f\u0131ma hizmeti sunan, en iyi Manisa asans\u00f6r kiralama firmas\u0131y\u0131z. Manisa'da her t\u00fcrl\u00fc e\u015fyan\u0131z\u0131 asans\u00f6rl\u00fc ta\u015f\u0131ma sistemimizle y\u00fcksek katlara ve dar merdivenlerde ta\u015f\u0131tabilirsiniz. Manisa'n\u0131n en iyi par\u00e7a e\u015fya ta\u015f\u0131ma firmas\u0131yla sizde sorunsuz \u015fekilde ta\u015f\u0131n\u0131n. Amac\u0131m\u0131z Manisa asans\u00f6rl\u00fc ta\u015f\u0131ma firmalar\u0131 aras\u0131nda rekabet yaratarak kaliteyi art\u0131r\u0131p fiyatlar\u0131 uygun &hellip;","og_url":"https:\/\/ezelasansorkiralama.com\/?page_id=97","og_site_name":"Manisa Asans\u00f6r Kiralama 13. Kata Kadar","article_modified_time":"2023-04-27T10:06:40+00:00","og_image":[{"width":600,"height":450,"url":"https:\/\/ezelasansorkiralama.com\/wp-content\/uploads\/2020\/08\/asansorlu-nakliyat-ezel.jpg","type":"image\/jpeg"}],"twitter_card":"summary_large_image","twitter_misc":{"Tahmini okuma s\u00fcresi":"1 dakika"},"schema":{"@context":"https:\/\/schema.org","@graph":[{"@type":"WebSite","@id":"https:\/\/ezelasansorkiralama.com\/#website","url":"https:\/\/ezelasansorkiralama.com\/","name":"Manisa Asans\u00f6r Kiralama 13. Kata Kadar","description":"Asans\u00f6r Kiralama Manisa","potentialAction":[{"@type":"SearchAction","target":{"@type":"EntryPoint","urlTemplate":"https:\/\/ezelasansorkiralama.com\/?s={search_term_string}"},"query-input":"required name=search_term_string"}],"inLanguage":"tr"},{"@type":"ImageObject","inLanguage":"tr","@id":"https:\/\/ezelasansorkiralama.com\/?page_id=97#primaryimage","url":"https:\/\/ezelasansorkiralama.com\/wp-content\/uploads\/2020\/08\/asansorlu-nakliyat-ezel.jpg","contentUrl":"https:\/\/ezelasansorkiralama.com\/wp-content\/uploads\/2020\/08\/asansorlu-nakliyat-ezel.jpg","width":600,"height":450},{"@type":"WebPage","@id":"https:\/\/ezelasansorkiralama.com\/?page_id=97#webpage","url":"https:\/\/ezelasansorkiralama.com\/?page_id=97","name":"MAN\u0130SA PAR\u00c7A E\u015eYA TA\u015eIMA - Manisa Asans\u00f6r Kiralama 13. Kata Kadar","isPartOf":{"@id":"https:\/\/ezelasansorkiralama.com\/#website"},"primaryImageOfPage":{"@id":"https:\/\/ezelasansorkiralama.com\/?page_id=97#primaryimage"},"datePublished":"2015-04-23T12:33:55+00:00","dateModified":"2023-04-27T10:06:40+00:00","breadcrumb":{"@id":"https:\/\/ezelasansorkiralama.com\/?page_id=97#breadcrumb"},"inLanguage":"tr","potentialAction":[{"@type":"ReadAction","target":["https:\/\/ezelasansorkiralama.com\/?page_id=97"]}]},{"@type":"BreadcrumbList","@id":"https:\/\/ezelasansorkiralama.com\/?page_id=97#breadcrumb","itemListElement":[{"@type":"ListItem","position":1,"name":"Home","item":"https:\/\/ezelasansorkiralama.com\/"},{"@type":"ListItem","position":2,"name":"Hizmetler","item":"https:\/\/ezelasansorkiralama.com\/?page_id=76"},{"@type":"ListItem","position":3,"name":"MAN\u0130SA PAR\u00c7A E\u015eYA TA\u015eIMA"}]}]}},"_links":{"self":[{"href":"https:\/\/ezelasansorkiralama.com\/index.php?rest_route=\/wp\/v2\/pages\/97"}],"collection":[{"href":"https:\/\/ezelasansorkiralama.com\/index.php?rest_route=\/wp\/v2\/pages"}],"about":[{"href":"https:\/\/ezelasansorkiralama.com\/index.php?rest_route=\/wp\/v2\/types\/page"}],"author":[{"embeddable":true,"href":"https:\/\/ezelasansorkiralama.com\/index.php?rest_route=\/wp\/v2\/users\/1"}],"replies":[{"embeddable":true,"href":"https:\/\/ezelasansorkiralama.com\/index.php?rest_route=%2Fwp%2Fv2%2Fcomments&post=97"}],"version-history":[{"count":1,"href":"https:\/\/ezelasansorkiralama.com\/index.php?rest_route=\/wp\/v2\/pages\/97\/revisions"}],"predecessor-version":[{"id":1019,"href":"https:\/\/ezelasansorkiralama.com\/index.php?rest_route=\/wp\/v2\/pages\/97\/revisions\/1019"}],"up":[{"embeddable":true,"href":"https:\/\/ezelasansorkiralama.com\/index.php?rest_route=\/wp\/v2\/pages\/76"}],"wp:featuredmedia":[{"embeddable":true,"href":"https:\/\/ezelasansorkiralama.com\/index.php?rest_route=\/wp\/v2\/media\/849"}],"wp:attachment":[{"href":"https:\/\/ezelasansorkiralama.com\/index.php?rest_route=%2Fwp%2Fv2%2Fmedia&parent=97"}],"curies":[{"name":"wp","href":"https:\/\/api.w.org\/{rel}","templated":true}]}}