{"id":984,"date":"2022-04-27T08:51:16","date_gmt":"2022-04-27T08:51:16","guid":{"rendered":"https:\/\/ezelasansorkiralama.com\/?page_id=984"},"modified":"2023-04-27T10:00:02","modified_gmt":"2023-04-27T10:00:02","slug":"kiralik-mobil-asansor","status":"publish","type":"page","link":"https:\/\/ezelasansorkiralama.com\/?page_id=984","title":{"rendered":"Manisa Kiral\u0131k Asans\u00f6r"},"content":{"rendered":"<div class=\"mainHeading\">\n<div class=\"text\">\n<h2 class=\"title\">Manisa da Kiral\u0131k Asans\u00f6r &#8211; E\u015fya ta\u015f\u0131ma asans\u00f6r\u00fc<\/h2>\n<\/div>\n<\/div>\n<div class=\"description\">\n<p><a href=\"https:\/\/ezelasansorkiralama.com\/\"><strong>Manisa kiral\u0131k asans\u00f6r<\/strong><\/a>, geli\u015fen teknoloji \u00e7a\u011f\u0131nda a\u011f\u0131r e\u015fyalar, malzemeler art\u0131k y\u00fcksek katlara kolayl\u0131kla ta\u015f\u0131nmaktad\u0131r.\u00a0<strong>Kiral\u0131k asans\u00f6r Manisa<\/strong>, firmas\u0131 tamda bu hizmeti sunmaktad\u0131r.<\/p>\n<figure class=\"wp-block-table\">\n<table>\n<tbody>\n<tr>\n<td>\u2705\u0130leti\u015fim Numaram\u0131z<\/td>\n<td><a href=\"tel:05535791209\" target=\"_blank\" rel=\"noreferrer noopener\">0553 579 12 09<\/a><\/td>\n<\/tr>\n<tr>\n<td>\u2705Firma Ad\u0131<\/td>\n<td><a href=\"https:\/\/istanbuldaasansorkirala.com\/\">Ezel Asans\u00f6r Kiralama<\/a><\/td>\n<\/tr>\n<tr>\n<td>\u2705Kiral\u0131k Asans\u00f6r<\/td>\n<td>Saatlik, G\u00fcnl\u00fck, Ayl\u0131k<\/td>\n<\/tr>\n<\/tbody>\n<\/table>\n<\/figure>\n<p><a href=\"tel:05535791209\"><img decoding=\"async\" class=\"aligncenter wp-image-898 size-full\" src=\"https:\/\/ezelasansorkiralama.com\/wp-content\/uploads\/2020\/11\/ezel-kis-sezonu-asansor-mobil.jpg\" alt=\"\" width=\"600\" height=\"330\" srcset=\"https:\/\/ezelasansorkiralama.com\/wp-content\/uploads\/2020\/11\/ezel-kis-sezonu-asansor-mobil.jpg 600w, https:\/\/ezelasansorkiralama.com\/wp-content\/uploads\/2020\/11\/ezel-kis-sezonu-asansor-mobil-300x165.jpg 300w\" sizes=\"(max-width: 600px) 100vw, 600px\" \/><\/a><\/p>\n<h2>Manisa Kiral\u0131k Asans\u00f6r<\/h2>\n<p><a href=\"https:\/\/ezelasansorkiralama.com\/?page_id=101\"><strong>Asans\u00f6r kiralama<\/strong><\/a> yaparak a\u011f\u0131r e\u015fyalar\u0131n\u0131z, bina i\u00e7ine s\u0131\u011fmayan b\u00fcy\u00fck malzemeleriniz, 13. kata kadar mobil asans\u00f6rlerimiz ile kolayl\u0131kla \u00e7\u0131kar\u0131labilir. 350 Kg a\u011f\u0131rl\u0131k ta\u015f\u0131ma kapasitesi ile bina asans\u00f6rlerine girmeyen e\u015fya vb. mobilya tarz\u0131 malzemeler <strong>D\u0131\u015f cephe nakliyat asans\u00f6r<\/strong>leriyle istedi\u011finiz kata kadar uygun fiyatlarla\u00a0<a href=\"https:\/\/ezelasansorkiralama.com\/?page_id=101\"><strong>Mobil asans\u00f6r kiralama<\/strong><\/a>\u00a0yapabilirsiniz.<strong> Manisa Kiral\u0131k Mobil Asans\u00f6r<\/strong>, firmam\u0131z 3 y\u0131ld\u0131r bu hizmetleri m\u00fc\u015fterilere sunarak kendini geli\u015ftirmi\u015f, elit kadrosuyla <strong>Manisa E\u015fya ta\u015f\u0131ma asans\u00f6r\u00fc<\/strong>\u00a0kiralama hizmeti vermektedir.\u00a0<strong>Manisa E\u015fya ta\u015f\u0131ma asans\u00f6r\u00fc kiralama<\/strong>, firmas\u0131 \u015fehzadeler ve yunusemre farketmeksizin bir telefon uza\u011f\u0131n\u0131zdad\u0131r.<\/p>\n<h2>Asans\u00f6r Kiralama<\/h2>\n<p><a href=\"https:\/\/ezelasansorkiralama.com\/?page_id=101\"><strong>Manisa Kiral\u0131k Nakliye Asans\u00f6r\u00fc<\/strong><\/a>, ya\u015fam tarz\u0131 olmaya ba\u015flam\u0131\u015ft\u0131r, hemen hemen her \u0130l ve il\u00e7elerde h\u0131zla yayg\u0131nla\u015fm\u0131\u015ft\u0131r.\u00a0<strong>Manisa Kiral\u0131k nakliye asans\u00f6r\u00fc<\/strong>, in\u015faatlarda da kullan\u0131lmaktad\u0131r.\u00a0<strong>Manisa Kiral\u0131k y\u00fck asans\u00f6r\u00fc<\/strong>, in\u015faatlarda kap\u0131, pencere, \u00e7imento, tu\u011fla, kiremit, kum, fayans, seramik, parke, Cam vb. daha akl\u0131n\u0131za gelen b\u00fct\u00fcn in\u015faat malzemelerini y\u00fcksek katlara \u00e7\u0131kar\u0131lmas\u0131nda\u00a0<a href=\"https:\/\/ezelasansorkiralama.com\/?page_id=101\"><strong>Manisa in\u015faat asans\u00f6r\u00fc kiralama<\/strong>\u00a0<\/a>yapabilirsiniz.\u00a0 <strong>Manisa ta\u015f\u0131ma asans\u00f6r\u00fc kiralama fiyatlar\u0131<\/strong>, hizmetlere g\u00f6re farketmektedir.<\/p>\n<h2>Manisa E\u015fya Ta\u015f\u0131ma Asans\u00f6r\u00fc<\/h2>\n<p><a href=\"https:\/\/ezelasansorkiralama.com\/?page_id=101\"><strong>Ta\u015f\u0131ma asans\u00f6r\u00fc kiral\u0131k fiyatlar\u0131<\/strong><\/a>, her firmada farkl\u0131d\u0131r.\u00a0<strong>Uygun fiyatlarla mobil asans\u00f6r kiralama<\/strong>\u00a0yapabilirsiniz.\u00a0<strong>Manisa mobil asans\u00f6r kiralama<\/strong>, d\u0131\u015f cepheden kurulum yap\u0131lmaktad\u0131r. Binan\u0131n veya kiral\u0131k nakliyat asans\u00f6r\u00fc kiralamak istedi\u011finiz in\u015faatlar\u0131n kuruluma uygun olmas\u0131 gerekir.<\/p>\n<h2>Manisa Nakliyat Asans\u00f6r\u00fc<\/h2>\n<p><strong>Manisa Kiral\u0131k Nakliyat asans\u00f6r\u00fc<\/strong>, her binaya kurulum olmamaktad\u0131r.\u00a0<strong>Manisa mobil asans\u00f6r kiralama<\/strong>, ile kurulmayan yerlere e\u015fya ta\u015f\u0131ma asans\u00f6rlerini kurarak imzam\u0131z\u0131 atm\u0131\u015f bulunmaktay\u0131z.\u00a0<strong>Manisa asans\u00f6r kiralama fiyatlar\u0131<\/strong>, yer yer de\u011fi\u015fti\u011fi i\u00e7in operat\u00f6r\u00fcm\u00fcz Sabri Bey ile g\u00f6r\u00fc\u015fmeniz yeterli olucakt\u0131r.<\/p>\n<\/div>\n","protected":false},"excerpt":{"rendered":"<p>Manisa da Kiral\u0131k Asans\u00f6r &#8211; E\u015fya ta\u015f\u0131ma asans\u00f6r\u00fc Manisa kiral\u0131k asans\u00f6r, geli\u015fen teknoloji \u00e7a\u011f\u0131nda a\u011f\u0131r e\u015fyalar, malzemeler art\u0131k y\u00fcksek katlara kolayl\u0131kla ta\u015f\u0131nmaktad\u0131r.\u00a0Kiral\u0131k asans\u00f6r Manisa, firmas\u0131 tamda bu hizmeti sunmaktad\u0131r. \u2705\u0130leti\u015fim Numaram\u0131z 0553 579 12 09 \u2705Firma Ad\u0131 Ezel Asans\u00f6r Kiralama \u2705Kiral\u0131k Asans\u00f6r Saatlik, G\u00fcnl\u00fck, Ayl\u0131k Manisa Kiral\u0131k Asans\u00f6r Asans\u00f6r kiralama yaparak a\u011f\u0131r e\u015fyalar\u0131n\u0131z, bina i\u00e7ine &hellip;<\/p>\n","protected":false},"author":1,"featured_media":0,"parent":0,"menu_order":0,"comment_status":"closed","ping_status":"closed","template":"","meta":{"footnotes":""},"class_list":["post-984","page","type-page","status-publish","hentry"],"acf":[],"yoast_head":"<!-- This site is optimized with the Yoast SEO plugin v19.1 - https:\/\/yoast.com\/wordpress\/plugins\/seo\/ -->\n<title>Manisa Mobil Asans\u00f6r - Kiral\u0131k Asans\u00f6r<\/title>\n<meta name=\"description\" content=\"Firmam\u0131z kiral\u0131k mobil asans\u00f6r ile t\u00fcm ihtiyac\u0131 olanlar an\u0131nda , h\u0131zl\u0131 , emniyetli ve ekonomik hizmetler sunmaktad\u0131r . Fiyatlar\u0131m\u0131z saatlik haftal\u0131k g\u00fcnl\u00fck.\" \/>\n<meta name=\"robots\" content=\"index, follow, max-snippet:-1, max-image-preview:large, max-video-preview:-1\" \/>\n<link rel=\"canonical\" href=\"https:\/\/ezelasansorkiralama.com\/?page_id=984\" \/>\n<meta property=\"og:locale\" content=\"tr_TR\" \/>\n<meta property=\"og:type\" content=\"article\" \/>\n<meta property=\"og:title\" content=\"Manisa Mobil Asans\u00f6r - Kiral\u0131k Asans\u00f6r\" \/>\n<meta property=\"og:description\" content=\"Firmam\u0131z kiral\u0131k mobil asans\u00f6r ile t\u00fcm ihtiyac\u0131 olanlar an\u0131nda , h\u0131zl\u0131 , emniyetli ve ekonomik hizmetler sunmaktad\u0131r . Fiyatlar\u0131m\u0131z saatlik haftal\u0131k g\u00fcnl\u00fck.\" \/>\n<meta property=\"og:url\" content=\"https:\/\/ezelasansorkiralama.com\/?page_id=984\" \/>\n<meta property=\"og:site_name\" content=\"Manisa Asans\u00f6r Kiralama 13. Kata Kadar\" \/>\n<meta property=\"article:modified_time\" content=\"2023-04-27T10:00:02+00:00\" \/>\n<meta property=\"og:image\" content=\"https:\/\/ezelasansorkiralama.com\/wp-content\/uploads\/2020\/11\/ezel-kis-sezonu-asansor-mobil.jpg\" \/>\n<meta name=\"twitter:card\" content=\"summary_large_image\" \/>\n<meta name=\"twitter:label1\" content=\"Tahmini okuma s\u00fcresi\" \/>\n\t<meta name=\"twitter:data1\" content=\"2 dakika\" \/>\n<script type=\"application\/ld+json\" class=\"yoast-schema-graph\">{\"@context\":\"https:\/\/schema.org\",\"@graph\":[{\"@type\":\"WebSite\",\"@id\":\"https:\/\/ezelasansorkiralama.com\/#website\",\"url\":\"https:\/\/ezelasansorkiralama.com\/\",\"name\":\"Manisa Asans\u00f6r Kiralama 13. Kata Kadar\",\"description\":\"Asans\u00f6r Kiralama Manisa\",\"potentialAction\":[{\"@type\":\"SearchAction\",\"target\":{\"@type\":\"EntryPoint\",\"urlTemplate\":\"https:\/\/ezelasansorkiralama.com\/?s={search_term_string}\"},\"query-input\":\"required name=search_term_string\"}],\"inLanguage\":\"tr\"},{\"@type\":\"ImageObject\",\"inLanguage\":\"tr\",\"@id\":\"https:\/\/ezelasansorkiralama.com\/?page_id=984#primaryimage\",\"url\":\"https:\/\/ezelasansorkiralama.com\/wp-content\/uploads\/2020\/11\/ezel-kis-sezonu-asansor-mobil.jpg\",\"contentUrl\":\"https:\/\/ezelasansorkiralama.com\/wp-content\/uploads\/2020\/11\/ezel-kis-sezonu-asansor-mobil.jpg\",\"width\":600,\"height\":330},{\"@type\":\"WebPage\",\"@id\":\"https:\/\/ezelasansorkiralama.com\/?page_id=984#webpage\",\"url\":\"https:\/\/ezelasansorkiralama.com\/?page_id=984\",\"name\":\"Manisa Mobil Asans\u00f6r - Kiral\u0131k Asans\u00f6r\",\"isPartOf\":{\"@id\":\"https:\/\/ezelasansorkiralama.com\/#website\"},\"primaryImageOfPage\":{\"@id\":\"https:\/\/ezelasansorkiralama.com\/?page_id=984#primaryimage\"},\"datePublished\":\"2022-04-27T08:51:16+00:00\",\"dateModified\":\"2023-04-27T10:00:02+00:00\",\"description\":\"Firmam\u0131z kiral\u0131k mobil asans\u00f6r ile t\u00fcm ihtiyac\u0131 olanlar an\u0131nda , h\u0131zl\u0131 , emniyetli ve ekonomik hizmetler sunmaktad\u0131r . Fiyatlar\u0131m\u0131z saatlik haftal\u0131k g\u00fcnl\u00fck.\",\"breadcrumb\":{\"@id\":\"https:\/\/ezelasansorkiralama.com\/?page_id=984#breadcrumb\"},\"inLanguage\":\"tr\",\"potentialAction\":[{\"@type\":\"ReadAction\",\"target\":[\"https:\/\/ezelasansorkiralama.com\/?page_id=984\"]}]},{\"@type\":\"BreadcrumbList\",\"@id\":\"https:\/\/ezelasansorkiralama.com\/?page_id=984#breadcrumb\",\"itemListElement\":[{\"@type\":\"ListItem\",\"position\":1,\"name\":\"Home\",\"item\":\"https:\/\/ezelasansorkiralama.com\/\"},{\"@type\":\"ListItem\",\"position\":2,\"name\":\"Manisa Kiral\u0131k Asans\u00f6r\"}]}]}<\/script>\n<!-- \/ Yoast SEO plugin. -->","yoast_head_json":{"title":"Manisa Mobil Asans\u00f6r - Kiral\u0131k Asans\u00f6r","description":"Firmam\u0131z kiral\u0131k mobil asans\u00f6r ile t\u00fcm ihtiyac\u0131 olanlar an\u0131nda , h\u0131zl\u0131 , emniyetli ve ekonomik hizmetler sunmaktad\u0131r . Fiyatlar\u0131m\u0131z saatlik haftal\u0131k g\u00fcnl\u00fck.","robots":{"index":"index","follow":"follow","max-snippet":"max-snippet:-1","max-image-preview":"max-image-preview:large","max-video-preview":"max-video-preview:-1"},"canonical":"https:\/\/ezelasansorkiralama.com\/?page_id=984","og_locale":"tr_TR","og_type":"article","og_title":"Manisa Mobil Asans\u00f6r - Kiral\u0131k Asans\u00f6r","og_description":"Firmam\u0131z kiral\u0131k mobil asans\u00f6r ile t\u00fcm ihtiyac\u0131 olanlar an\u0131nda , h\u0131zl\u0131 , emniyetli ve ekonomik hizmetler sunmaktad\u0131r . Fiyatlar\u0131m\u0131z saatlik haftal\u0131k g\u00fcnl\u00fck.","og_url":"https:\/\/ezelasansorkiralama.com\/?page_id=984","og_site_name":"Manisa Asans\u00f6r Kiralama 13. Kata Kadar","article_modified_time":"2023-04-27T10:00:02+00:00","og_image":[{"url":"https:\/\/ezelasansorkiralama.com\/wp-content\/uploads\/2020\/11\/ezel-kis-sezonu-asansor-mobil.jpg"}],"twitter_card":"summary_large_image","twitter_misc":{"Tahmini okuma s\u00fcresi":"2 dakika"},"schema":{"@context":"https:\/\/schema.org","@graph":[{"@type":"WebSite","@id":"https:\/\/ezelasansorkiralama.com\/#website","url":"https:\/\/ezelasansorkiralama.com\/","name":"Manisa Asans\u00f6r Kiralama 13. Kata Kadar","description":"Asans\u00f6r Kiralama Manisa","potentialAction":[{"@type":"SearchAction","target":{"@type":"EntryPoint","urlTemplate":"https:\/\/ezelasansorkiralama.com\/?s={search_term_string}"},"query-input":"required name=search_term_string"}],"inLanguage":"tr"},{"@type":"ImageObject","inLanguage":"tr","@id":"https:\/\/ezelasansorkiralama.com\/?page_id=984#primaryimage","url":"https:\/\/ezelasansorkiralama.com\/wp-content\/uploads\/2020\/11\/ezel-kis-sezonu-asansor-mobil.jpg","contentUrl":"https:\/\/ezelasansorkiralama.com\/wp-content\/uploads\/2020\/11\/ezel-kis-sezonu-asansor-mobil.jpg","width":600,"height":330},{"@type":"WebPage","@id":"https:\/\/ezelasansorkiralama.com\/?page_id=984#webpage","url":"https:\/\/ezelasansorkiralama.com\/?page_id=984","name":"Manisa Mobil Asans\u00f6r - Kiral\u0131k Asans\u00f6r","isPartOf":{"@id":"https:\/\/ezelasansorkiralama.com\/#website"},"primaryImageOfPage":{"@id":"https:\/\/ezelasansorkiralama.com\/?page_id=984#primaryimage"},"datePublished":"2022-04-27T08:51:16+00:00","dateModified":"2023-04-27T10:00:02+00:00","description":"Firmam\u0131z kiral\u0131k mobil asans\u00f6r ile t\u00fcm ihtiyac\u0131 olanlar an\u0131nda , h\u0131zl\u0131 , emniyetli ve ekonomik hizmetler sunmaktad\u0131r . Fiyatlar\u0131m\u0131z saatlik haftal\u0131k g\u00fcnl\u00fck.","breadcrumb":{"@id":"https:\/\/ezelasansorkiralama.com\/?page_id=984#breadcrumb"},"inLanguage":"tr","potentialAction":[{"@type":"ReadAction","target":["https:\/\/ezelasansorkiralama.com\/?page_id=984"]}]},{"@type":"BreadcrumbList","@id":"https:\/\/ezelasansorkiralama.com\/?page_id=984#breadcrumb","itemListElement":[{"@type":"ListItem","position":1,"name":"Home","item":"https:\/\/ezelasansorkiralama.com\/"},{"@type":"ListItem","position":2,"name":"Manisa Kiral\u0131k Asans\u00f6r"}]}]}},"_links":{"self":[{"href":"https:\/\/ezelasansorkiralama.com\/index.php?rest_route=\/wp\/v2\/pages\/984"}],"collection":[{"href":"https:\/\/ezelasansorkiralama.com\/index.php?rest_route=\/wp\/v2\/pages"}],"about":[{"href":"https:\/\/ezelasansorkiralama.com\/index.php?rest_route=\/wp\/v2\/types\/page"}],"author":[{"embeddable":true,"href":"https:\/\/ezelasansorkiralama.com\/index.php?rest_route=\/wp\/v2\/users\/1"}],"replies":[{"embeddable":true,"href":"https:\/\/ezelasansorkiralama.com\/index.php?rest_route=%2Fwp%2Fv2%2Fcomments&post=984"}],"version-history":[{"count":2,"href":"https:\/\/ezelasansorkiralama.com\/index.php?rest_route=\/wp\/v2\/pages\/984\/revisions"}],"predecessor-version":[{"id":1015,"href":"https:\/\/ezelasansorkiralama.com\/index.php?rest_route=\/wp\/v2\/pages\/984\/revisions\/1015"}],"wp:attachment":[{"href":"https:\/\/ezelasansorkiralama.com\/index.php?rest_route=%2Fwp%2Fv2%2Fmedia&parent=984"}],"curies":[{"name":"wp","href":"https:\/\/api.w.org\/{rel}","templated":true}]}}