{"id":99,"date":"2015-04-23T12:38:18","date_gmt":"2015-04-23T12:38:18","guid":{"rendered":"https:\/\/xml-io.proteusthemes.com\/cargopress\/?page_id=99"},"modified":"2023-04-27T10:05:29","modified_gmt":"2023-04-27T10:05:29","slug":"cargo","status":"publish","type":"page","link":"https:\/\/ezelasansorkiralama.com\/?page_id=99","title":{"rendered":"MAN\u0130SA EVDEN EVE NAKL\u0130YAT"},"content":{"rendered":"<div id=\"pl-99\"  class=\"panel-layout\" ><div id=\"pg-99-0\"  class=\"panel-grid panel-no-style\" ><div id=\"pgc-99-0-0\"  class=\"panel-grid-cell\" ><div id=\"panel-99-0-0-0\" class=\"so-panel widget widget_black-studio-tinymce widget_black_studio_tinymce panel-first-child panel-last-child\" data-index=\"0\" ><h3 class=\"widget-title\"><span class=\"widget-title__inline\">MAN\u0130SA EVDEN EVE NAKL\u0130YAT H\u0130ZMET\u0130<\/span><\/h3><div class=\"textwidget\"><p><span style=\"vertical-align: inherit;\"><span style=\"vertical-align: inherit;\">Manisa'da\u00a0 <\/span><\/span><strong><span style=\"vertical-align: inherit;\"><span style=\"vertical-align: inherit;\">asans\u00f6rl\u00fc evden eve nakliyat<\/span><\/span><\/strong><span style=\"vertical-align: inherit;\"><span style=\"vertical-align: inherit;\">\u00a0 firmalar\u0131na asans\u00f6r kiralama hizmeti sunan ve kendi\u00a0 <\/span><\/span><strong><span style=\"vertical-align: inherit;\"><span style=\"vertical-align: inherit;\">asans\u00f6rl\u00fc evden eve nakliyat<\/span><\/span><\/strong><span style=\"vertical-align: inherit;\"><span style=\"vertical-align: inherit;\"> \u00a0hizmeti sunan, g\u00fcvenilir ve nakliye firmas\u0131y\u0131z. <\/span><span style=\"vertical-align: inherit;\">Manisa'n\u0131n t\u00fcm il\u00e7elerinde\u00a0 <\/span><\/span><strong><span style=\"vertical-align: inherit;\"><span style=\"vertical-align: inherit;\">asans\u00f6rl\u00fc ev ta\u015f\u0131ma<\/span><\/span><\/strong><span style=\"vertical-align: inherit;\"><span style=\"vertical-align: inherit;\"> \u00a0hizmeti sunan en iyi evden eve nakliyat ve\u00a0 <\/span><\/span><strong><span style=\"vertical-align: inherit;\"><span style=\"vertical-align: inherit;\">asans\u00f6r kiralama<\/span><\/span><\/strong><span style=\"vertical-align: inherit;\"><span style=\"vertical-align: inherit;\"> \u00a0\u015firketi olmak, sekt\u00f6re bo\u015flu\u011fa bo\u015flu\u011fa bor\u00e7luyuz. <\/span><span style=\"vertical-align: inherit;\">Manisa'da en iyi\u00a0 <\/span><\/span><strong><span style=\"vertical-align: inherit;\"><span style=\"vertical-align: inherit;\">asans\u00f6r kiralama<\/span><\/span><\/strong><span style=\"vertical-align: inherit;\"><span style=\"vertical-align: inherit;\"> \u00a0ve\u00a0 <\/span><\/span><strong><span style=\"vertical-align: inherit;\"><span style=\"vertical-align: inherit;\">asans\u00f6rl\u00fc ev ta\u015f\u0131ma<\/span><\/span><\/strong><span style=\"vertical-align: inherit;\"><span style=\"vertical-align: inherit;\"> \u00a0firmas\u0131y\u0131z. <\/span><span style=\"vertical-align: inherit;\">Nakliye firmalar\u0131 aras\u0131nda\u00a0 <\/span><\/span><strong><span style=\"vertical-align: inherit;\"><span style=\"vertical-align: inherit;\">asans\u00f6rl\u00fc evden eve nakliyat<\/span><\/span><\/strong><span style=\"vertical-align: inherit;\"><span style=\"vertical-align: inherit;\"> \u00a0hizmetini sorunsuz \u015fekilde sunulan en iyi ta\u015f\u0131ma firmas\u0131y\u0131z.<\/span><\/span><\/p>\n<p><strong><span style=\"vertical-align: inherit;\"><span style=\"vertical-align: inherit;\">Asans\u00f6rl\u00fc evden eve nakliyat<\/span><\/span><\/strong><span style=\"vertical-align: inherit;\"><span style=\"vertical-align: inherit;\"> \u00a0firmas\u0131 veya\u00a0 <\/span><\/span><strong><span style=\"vertical-align: inherit;\"><span style=\"vertical-align: inherit;\">kiralama<\/span><\/span><\/strong><span style=\"vertical-align: inherit;\"><span style=\"vertical-align: inherit;\"> \u00a0\u015firketi aramakla u\u011fra\u015fmay\u0131n. <\/span><span style=\"vertical-align: inherit;\">Aray\u0131n Manisa\u00a0 <\/span><\/span><strong><span style=\"vertical-align: inherit;\"><span style=\"vertical-align: inherit;\">asans\u00f6rl\u00fc ev ta\u015f\u0131ma<\/span><\/span><\/strong><span style=\"vertical-align: inherit;\"><span style=\"vertical-align: inherit;\"> \u00a0ve\u00a0 <\/span><\/span><strong><span style=\"vertical-align: inherit;\"><span style=\"vertical-align: inherit;\">asans\u00f6r kiralama<\/span><\/span><\/strong><span style=\"vertical-align: inherit;\"><span style=\"vertical-align: inherit;\"> \u00a0firmas\u0131n\u0131 rahat gezdirin. <\/span><span style=\"vertical-align: inherit;\">Manisa'daki\u00a0 <\/span><\/span><strong><span style=\"vertical-align: inherit;\"><span style=\"vertical-align: inherit;\">asans\u00f6rl\u00fc ev ta\u015f\u0131ma<\/span><\/span><\/strong><span style=\"vertical-align: inherit;\"><span style=\"vertical-align: inherit;\"> \u00a0firmalar\u0131 aras\u0131nda en uygun kaliteli hizmetin de\u011fi\u015fmeyen adresiyiz.\u00a0<\/span><\/span><strong><span style=\"vertical-align: inherit;\"><span style=\"vertical-align: inherit;\">Asans\u00f6r kiralama<\/span><\/span><\/strong><span style=\"vertical-align: inherit;\"><span style=\"vertical-align: inherit;\"> \u00a0firmalar\u0131 aras\u0131nda fark\u0131m\u0131z a\u00e7\u0131k sekilde bellidir. <\/span><span style=\"vertical-align: inherit;\">Manisa'da son model ve bak\u0131ml\u0131\u00a0 <\/span><\/span><strong><span style=\"vertical-align: inherit;\"><span style=\"vertical-align: inherit;\">asans\u00f6rlerle ev ta\u015f\u0131ma<\/span><\/span><\/strong><span style=\"vertical-align: inherit;\"><span style=\"vertical-align: inherit;\"> \u00a0hizmeti Sunan tek firmay\u0131z.<\/span><\/span><\/p>\n<\/div><\/div><\/div><div id=\"pgc-99-0-1\"  class=\"panel-grid-cell\" ><div id=\"panel-99-0-1-0\" class=\"so-panel widget widget_black-studio-tinymce widget_black_studio_tinymce panel-first-child panel-last-child\" data-index=\"1\" ><div class=\"textwidget\"><p><img decoding=\"async\" class=\"alignnone wp-image-746 size-full\" src=\"http:\/\/ezelasansorkiralama.com\/wp-content\/uploads\/2020\/08\/eeed8ed3-9cfc-45c3-a3e0-5e6a38db34eb-1.jpg\" alt=\"\" width=\"800\" height=\"427\" srcset=\"https:\/\/ezelasansorkiralama.com\/wp-content\/uploads\/2020\/08\/eeed8ed3-9cfc-45c3-a3e0-5e6a38db34eb-1.jpg 800w, https:\/\/ezelasansorkiralama.com\/wp-content\/uploads\/2020\/08\/eeed8ed3-9cfc-45c3-a3e0-5e6a38db34eb-1-600x320.jpg 600w, https:\/\/ezelasansorkiralama.com\/wp-content\/uploads\/2020\/08\/eeed8ed3-9cfc-45c3-a3e0-5e6a38db34eb-1-300x160.jpg 300w, https:\/\/ezelasansorkiralama.com\/wp-content\/uploads\/2020\/08\/eeed8ed3-9cfc-45c3-a3e0-5e6a38db34eb-1-768x410.jpg 768w\" sizes=\"(max-width: 800px) 100vw, 800px\" \/><\/p>\n<p><img decoding=\"async\" class=\"alignnone wp-image-800 \" src=\"http:\/\/ezelasansorkiralama.com\/wp-content\/uploads\/2020\/08\/ezel-7-3.jpg\" alt=\"\" width=\"799\" height=\"452\" srcset=\"https:\/\/ezelasansorkiralama.com\/wp-content\/uploads\/2020\/08\/ezel-7-3.jpg 848w, https:\/\/ezelasansorkiralama.com\/wp-content\/uploads\/2020\/08\/ezel-7-3-300x170.jpg 300w, https:\/\/ezelasansorkiralama.com\/wp-content\/uploads\/2020\/08\/ezel-7-3-768x435.jpg 768w, https:\/\/ezelasansorkiralama.com\/wp-content\/uploads\/2020\/08\/ezel-7-3-360x204.jpg 360w, https:\/\/ezelasansorkiralama.com\/wp-content\/uploads\/2020\/08\/ezel-7-3-600x340.jpg 600w\" sizes=\"(max-width: 799px) 100vw, 799px\" \/><\/p>\n<p>&nbsp;<\/p>\n<\/div><\/div><\/div><\/div><\/div>","protected":false},"excerpt":{"rendered":"<p>Manisa&#8217;da\u00a0 asans\u00f6rl\u00fc evden eve nakliyat\u00a0 firmalar\u0131na asans\u00f6r kiralama hizmeti sunan ve kendi\u00a0 asans\u00f6rl\u00fc evden eve nakliyat \u00a0hizmeti sunan, g\u00fcvenilir ve nakliye firmas\u0131y\u0131z. Manisa&#8217;n\u0131n t\u00fcm il\u00e7elerinde\u00a0 asans\u00f6rl\u00fc ev ta\u015f\u0131ma \u00a0hizmeti sunan en iyi evden eve nakliyat ve\u00a0 asans\u00f6r kiralama \u00a0\u015firketi olmak, sekt\u00f6re bo\u015flu\u011fa bo\u015flu\u011fa bor\u00e7luyuz. Manisa&#8217;da en iyi\u00a0 asans\u00f6r kiralama \u00a0ve\u00a0 asans\u00f6rl\u00fc ev ta\u015f\u0131ma \u00a0firmas\u0131y\u0131z. Nakliye &hellip;<\/p>\n","protected":false},"author":1,"featured_media":849,"parent":76,"menu_order":0,"comment_status":"closed","ping_status":"open","template":"","meta":{"footnotes":""},"class_list":["post-99","page","type-page","status-publish","has-post-thumbnail","hentry"],"acf":[],"yoast_head":"<!-- This site is optimized with the Yoast SEO plugin v19.1 - https:\/\/yoast.com\/wordpress\/plugins\/seo\/ -->\n<title>MAN\u0130SA EVDEN EVE NAKL\u0130YAT - Manisa Asans\u00f6r Kiralama 13. Kata Kadar<\/title>\n<meta name=\"robots\" content=\"index, follow, max-snippet:-1, max-image-preview:large, max-video-preview:-1\" \/>\n<link rel=\"canonical\" href=\"https:\/\/ezelasansorkiralama.com\/?page_id=99\" \/>\n<meta property=\"og:locale\" content=\"tr_TR\" \/>\n<meta property=\"og:type\" content=\"article\" \/>\n<meta property=\"og:title\" content=\"MAN\u0130SA EVDEN EVE NAKL\u0130YAT - Manisa Asans\u00f6r Kiralama 13. Kata Kadar\" \/>\n<meta property=\"og:description\" content=\"Manisa&#039;da\u00a0 asans\u00f6rl\u00fc evden eve nakliyat\u00a0 firmalar\u0131na asans\u00f6r kiralama hizmeti sunan ve kendi\u00a0 asans\u00f6rl\u00fc evden eve nakliyat \u00a0hizmeti sunan, g\u00fcvenilir ve nakliye firmas\u0131y\u0131z. Manisa&#039;n\u0131n t\u00fcm il\u00e7elerinde\u00a0 asans\u00f6rl\u00fc ev ta\u015f\u0131ma \u00a0hizmeti sunan en iyi evden eve nakliyat ve\u00a0 asans\u00f6r kiralama \u00a0\u015firketi olmak, sekt\u00f6re bo\u015flu\u011fa bo\u015flu\u011fa bor\u00e7luyuz. Manisa&#039;da en iyi\u00a0 asans\u00f6r kiralama \u00a0ve\u00a0 asans\u00f6rl\u00fc ev ta\u015f\u0131ma \u00a0firmas\u0131y\u0131z. Nakliye &hellip;\" \/>\n<meta property=\"og:url\" content=\"https:\/\/ezelasansorkiralama.com\/?page_id=99\" \/>\n<meta property=\"og:site_name\" content=\"Manisa Asans\u00f6r Kiralama 13. Kata Kadar\" \/>\n<meta property=\"article:modified_time\" content=\"2023-04-27T10:05:29+00:00\" \/>\n<meta property=\"og:image\" content=\"https:\/\/ezelasansorkiralama.com\/wp-content\/uploads\/2020\/08\/asansorlu-nakliyat-ezel.jpg\" \/>\n\t<meta property=\"og:image:width\" content=\"600\" \/>\n\t<meta property=\"og:image:height\" content=\"450\" \/>\n\t<meta property=\"og:image:type\" content=\"image\/jpeg\" \/>\n<meta name=\"twitter:card\" content=\"summary_large_image\" \/>\n<meta name=\"twitter:label1\" content=\"Tahmini okuma s\u00fcresi\" \/>\n\t<meta name=\"twitter:data1\" content=\"1 dakika\" \/>\n<script type=\"application\/ld+json\" class=\"yoast-schema-graph\">{\"@context\":\"https:\/\/schema.org\",\"@graph\":[{\"@type\":\"WebSite\",\"@id\":\"https:\/\/ezelasansorkiralama.com\/#website\",\"url\":\"https:\/\/ezelasansorkiralama.com\/\",\"name\":\"Manisa Asans\u00f6r Kiralama 13. Kata Kadar\",\"description\":\"Asans\u00f6r Kiralama Manisa\",\"potentialAction\":[{\"@type\":\"SearchAction\",\"target\":{\"@type\":\"EntryPoint\",\"urlTemplate\":\"https:\/\/ezelasansorkiralama.com\/?s={search_term_string}\"},\"query-input\":\"required name=search_term_string\"}],\"inLanguage\":\"tr\"},{\"@type\":\"ImageObject\",\"inLanguage\":\"tr\",\"@id\":\"https:\/\/ezelasansorkiralama.com\/?page_id=99#primaryimage\",\"url\":\"https:\/\/ezelasansorkiralama.com\/wp-content\/uploads\/2020\/08\/asansorlu-nakliyat-ezel.jpg\",\"contentUrl\":\"https:\/\/ezelasansorkiralama.com\/wp-content\/uploads\/2020\/08\/asansorlu-nakliyat-ezel.jpg\",\"width\":600,\"height\":450},{\"@type\":\"WebPage\",\"@id\":\"https:\/\/ezelasansorkiralama.com\/?page_id=99#webpage\",\"url\":\"https:\/\/ezelasansorkiralama.com\/?page_id=99\",\"name\":\"MAN\u0130SA EVDEN EVE NAKL\u0130YAT - Manisa Asans\u00f6r Kiralama 13. Kata Kadar\",\"isPartOf\":{\"@id\":\"https:\/\/ezelasansorkiralama.com\/#website\"},\"primaryImageOfPage\":{\"@id\":\"https:\/\/ezelasansorkiralama.com\/?page_id=99#primaryimage\"},\"datePublished\":\"2015-04-23T12:38:18+00:00\",\"dateModified\":\"2023-04-27T10:05:29+00:00\",\"breadcrumb\":{\"@id\":\"https:\/\/ezelasansorkiralama.com\/?page_id=99#breadcrumb\"},\"inLanguage\":\"tr\",\"potentialAction\":[{\"@type\":\"ReadAction\",\"target\":[\"https:\/\/ezelasansorkiralama.com\/?page_id=99\"]}]},{\"@type\":\"BreadcrumbList\",\"@id\":\"https:\/\/ezelasansorkiralama.com\/?page_id=99#breadcrumb\",\"itemListElement\":[{\"@type\":\"ListItem\",\"position\":1,\"name\":\"Home\",\"item\":\"https:\/\/ezelasansorkiralama.com\/\"},{\"@type\":\"ListItem\",\"position\":2,\"name\":\"Hizmetler\",\"item\":\"https:\/\/ezelasansorkiralama.com\/?page_id=76\"},{\"@type\":\"ListItem\",\"position\":3,\"name\":\"MAN\u0130SA EVDEN EVE NAKL\u0130YAT\"}]}]}<\/script>\n<!-- \/ Yoast SEO plugin. -->","yoast_head_json":{"title":"MAN\u0130SA EVDEN EVE NAKL\u0130YAT - Manisa Asans\u00f6r Kiralama 13. Kata Kadar","robots":{"index":"index","follow":"follow","max-snippet":"max-snippet:-1","max-image-preview":"max-image-preview:large","max-video-preview":"max-video-preview:-1"},"canonical":"https:\/\/ezelasansorkiralama.com\/?page_id=99","og_locale":"tr_TR","og_type":"article","og_title":"MAN\u0130SA EVDEN EVE NAKL\u0130YAT - Manisa Asans\u00f6r Kiralama 13. Kata Kadar","og_description":"Manisa'da\u00a0 asans\u00f6rl\u00fc evden eve nakliyat\u00a0 firmalar\u0131na asans\u00f6r kiralama hizmeti sunan ve kendi\u00a0 asans\u00f6rl\u00fc evden eve nakliyat \u00a0hizmeti sunan, g\u00fcvenilir ve nakliye firmas\u0131y\u0131z. Manisa'n\u0131n t\u00fcm il\u00e7elerinde\u00a0 asans\u00f6rl\u00fc ev ta\u015f\u0131ma \u00a0hizmeti sunan en iyi evden eve nakliyat ve\u00a0 asans\u00f6r kiralama \u00a0\u015firketi olmak, sekt\u00f6re bo\u015flu\u011fa bo\u015flu\u011fa bor\u00e7luyuz. Manisa'da en iyi\u00a0 asans\u00f6r kiralama \u00a0ve\u00a0 asans\u00f6rl\u00fc ev ta\u015f\u0131ma \u00a0firmas\u0131y\u0131z. Nakliye &hellip;","og_url":"https:\/\/ezelasansorkiralama.com\/?page_id=99","og_site_name":"Manisa Asans\u00f6r Kiralama 13. Kata Kadar","article_modified_time":"2023-04-27T10:05:29+00:00","og_image":[{"width":600,"height":450,"url":"https:\/\/ezelasansorkiralama.com\/wp-content\/uploads\/2020\/08\/asansorlu-nakliyat-ezel.jpg","type":"image\/jpeg"}],"twitter_card":"summary_large_image","twitter_misc":{"Tahmini okuma s\u00fcresi":"1 dakika"},"schema":{"@context":"https:\/\/schema.org","@graph":[{"@type":"WebSite","@id":"https:\/\/ezelasansorkiralama.com\/#website","url":"https:\/\/ezelasansorkiralama.com\/","name":"Manisa Asans\u00f6r Kiralama 13. Kata Kadar","description":"Asans\u00f6r Kiralama Manisa","potentialAction":[{"@type":"SearchAction","target":{"@type":"EntryPoint","urlTemplate":"https:\/\/ezelasansorkiralama.com\/?s={search_term_string}"},"query-input":"required name=search_term_string"}],"inLanguage":"tr"},{"@type":"ImageObject","inLanguage":"tr","@id":"https:\/\/ezelasansorkiralama.com\/?page_id=99#primaryimage","url":"https:\/\/ezelasansorkiralama.com\/wp-content\/uploads\/2020\/08\/asansorlu-nakliyat-ezel.jpg","contentUrl":"https:\/\/ezelasansorkiralama.com\/wp-content\/uploads\/2020\/08\/asansorlu-nakliyat-ezel.jpg","width":600,"height":450},{"@type":"WebPage","@id":"https:\/\/ezelasansorkiralama.com\/?page_id=99#webpage","url":"https:\/\/ezelasansorkiralama.com\/?page_id=99","name":"MAN\u0130SA EVDEN EVE NAKL\u0130YAT - Manisa Asans\u00f6r Kiralama 13. Kata Kadar","isPartOf":{"@id":"https:\/\/ezelasansorkiralama.com\/#website"},"primaryImageOfPage":{"@id":"https:\/\/ezelasansorkiralama.com\/?page_id=99#primaryimage"},"datePublished":"2015-04-23T12:38:18+00:00","dateModified":"2023-04-27T10:05:29+00:00","breadcrumb":{"@id":"https:\/\/ezelasansorkiralama.com\/?page_id=99#breadcrumb"},"inLanguage":"tr","potentialAction":[{"@type":"ReadAction","target":["https:\/\/ezelasansorkiralama.com\/?page_id=99"]}]},{"@type":"BreadcrumbList","@id":"https:\/\/ezelasansorkiralama.com\/?page_id=99#breadcrumb","itemListElement":[{"@type":"ListItem","position":1,"name":"Home","item":"https:\/\/ezelasansorkiralama.com\/"},{"@type":"ListItem","position":2,"name":"Hizmetler","item":"https:\/\/ezelasansorkiralama.com\/?page_id=76"},{"@type":"ListItem","position":3,"name":"MAN\u0130SA EVDEN EVE NAKL\u0130YAT"}]}]}},"_links":{"self":[{"href":"https:\/\/ezelasansorkiralama.com\/index.php?rest_route=\/wp\/v2\/pages\/99"}],"collection":[{"href":"https:\/\/ezelasansorkiralama.com\/index.php?rest_route=\/wp\/v2\/pages"}],"about":[{"href":"https:\/\/ezelasansorkiralama.com\/index.php?rest_route=\/wp\/v2\/types\/page"}],"author":[{"embeddable":true,"href":"https:\/\/ezelasansorkiralama.com\/index.php?rest_route=\/wp\/v2\/users\/1"}],"replies":[{"embeddable":true,"href":"https:\/\/ezelasansorkiralama.com\/index.php?rest_route=%2Fwp%2Fv2%2Fcomments&post=99"}],"version-history":[{"count":1,"href":"https:\/\/ezelasansorkiralama.com\/index.php?rest_route=\/wp\/v2\/pages\/99\/revisions"}],"predecessor-version":[{"id":1018,"href":"https:\/\/ezelasansorkiralama.com\/index.php?rest_route=\/wp\/v2\/pages\/99\/revisions\/1018"}],"up":[{"embeddable":true,"href":"https:\/\/ezelasansorkiralama.com\/index.php?rest_route=\/wp\/v2\/pages\/76"}],"wp:featuredmedia":[{"embeddable":true,"href":"https:\/\/ezelasansorkiralama.com\/index.php?rest_route=\/wp\/v2\/media\/849"}],"wp:attachment":[{"href":"https:\/\/ezelasansorkiralama.com\/index.php?rest_route=%2Fwp%2Fv2%2Fmedia&parent=99"}],"curies":[{"name":"wp","href":"https:\/\/api.w.org\/{rel}","templated":true}]}}